{"id":7069,"date":"2020-11-26T09:01:38","date_gmt":"2020-11-26T09:01:38","guid":{"rendered":"https:\/\/elconchel.com\/?page_id=7069"},"modified":"2020-11-30T13:51:25","modified_gmt":"2020-11-30T13:51:25","slug":"catalogo-labriegos-snacks","status":"publish","type":"page","link":"https:\/\/elconchel.com\/en\/catalogo-labriegos-snacks\/","title":{"rendered":"Cat\u00e1logo Labriegos y Snacks"},"content":{"rendered":"<div class=\"wpb-content-wrapper\"><p>[vc_section full_width=&#8221;stretch_row_content&#8221; css=&#8221;.vc_custom_1606313762327{margin-top: 0px !important;margin-bottom: 0px !important;padding-top: 0px !important;padding-bottom: 0px !important;background-color: #151515 !important;}&#8221;][vc_row][vc_column][vc_column_text]<div class=\"_3d-flip-book  fb3d-fullscreen-mode full-size\" data-id=\"7057\" data-mode=\"fullscreen\" data-title=\"false\" data-template=\"short-white-book-view\" data-lightbox=\"dark-shadow\" data-urlparam=\"catalogo\" data-page-n=\"0\" data-pdf=\"\" data-tax=\"null\" data-thumbnail=\"\" data-cols=\"3\" data-book-template=\"default\" data-trigger=\"\"><\/div><script type=\"text\/javascript\">window.FB3D_CLIENT_DATA = window.FB3D_CLIENT_DATA || [];FB3D_CLIENT_DATA.push('eyJwb3N0cyI6eyI3MDU3Ijp7IklEIjo3MDU3LCJ0aXRsZSI6IkNhdFx1MDBlMWxvZ28gTGFicmllZ29zIHkgU25hY2tzIiwidHlwZSI6InBkZiIsInJlYWR5X2Z1bmN0aW9uIjoiIiwiYm9va19zdHlsZSI6ImZsYXQiLCJib29rX3RlbXBsYXRlIjoibm9uZSIsIm91dGxpbmUiOltdLCJkYXRhIjp7InBvc3RfSUQiOiI3MDU4IiwiZ3VpZCI6Imh0dHBzOlwvXC9lbGNvbmNoZWwuY29tXC93cC1jb250ZW50XC91cGxvYWRzXC8yMDIwXC8xMVwvY2F0YWxvZ28tbGFicmllZ29zLXNuYWNrcy1lbC1jb25jaGVsLnBkZiIsInBkZl9wYWdlcyI6IjYiLCJwYWdlc19jdXN0b21pemF0aW9uIjoibm9uZSJ9LCJ0aHVtYm5haWwiOnsiZGF0YSI6eyJwb3N0X0lEIjoiMCJ9LCJ0eXBlIjoiYXV0byJ9LCJwcm9wcyI6eyJjYWNoZWRQYWdlcyI6ImF1dG8iLCJyZW5kZXJJbmFjdGl2ZVBhZ2VzIjoiYXV0byIsInJlbmRlckluYWN0aXZlUGFnZXNPbk1vYmlsZSI6ImF1dG8iLCJyZW5kZXJXaGlsZUZsaXBwaW5nIjoiYXV0byIsInByZWxvYWRQYWdlcyI6ImF1dG8iLCJydGwiOiJhdXRvIiwic2hlZXQiOnsic3RhcnRWZWxvY2l0eSI6ImF1dG8iLCJ3YXZlIjoiYXV0byIsIndpZHRoVGV4ZWxzIjoiYXV0byIsImNvbG9yIjoiYXV0byIsInNpZGUiOiJhdXRvIiwiY29ybmVyRGV2aWF0aW9uIjoiYXV0byIsImZsZXhpYmlsaXR5IjoiYXV0byIsImZsZXhpYmxlQ29ybmVyIjoiYXV0byIsImJlbmRpbmciOiJhdXRvIiwiaGVpZ2h0VGV4ZWxzIjoiYXV0byJ9LCJjb3ZlciI6eyJ3YXZlIjoiYXV0byIsImNvbG9yIjoiYXV0byIsImJpbmRlclRleHR1cmUiOiJhdXRvIiwiZGVwdGgiOiJhdXRvIiwicGFkZGluZyI6ImF1dG8iLCJzdGFydFZlbG9jaXR5IjoiYXV0byIsImZsZXhpYmlsaXR5IjoiYXV0byIsImZsZXhpYmxlQ29ybmVyIjoiYXV0byIsImJlbmRpbmciOiJhdXRvIiwid2lkdGhUZXhlbHMiOiJhdXRvIiwiaGVpZ2h0VGV4ZWxzIjoiYXV0byIsIm1hc3MiOiJhdXRvIiwic2lkZSI6ImF1dG8ifSwicGFnZSI6eyJ3YXZlIjoiYXV0byIsImNvbG9yIjoiYXV0byIsImRlcHRoIjoiYXV0byIsInN0YXJ0VmVsb2NpdHkiOiJhdXRvIiwiZmxleGliaWxpdHkiOiJhdXRvIiwiZmxleGlibGVDb3JuZXIiOiJhdXRvIiwiYmVuZGluZyI6ImF1dG8iLCJ3aWR0aFRleGVscyI6ImF1dG8iLCJoZWlnaHRUZXhlbHMiOiJhdXRvIiwibWFzcyI6ImF1dG8iLCJzaWRlIjoiYXV0byJ9LCJoZWlnaHQiOiJhdXRvIiwid2lkdGgiOiJhdXRvIiwiZ3Jhdml0eSI6ImF1dG8iLCJwYWdlc0ZvclByZWRpY3RpbmciOiJhdXRvIn0sImNvbnRyb2xQcm9wcyI6eyJhY3Rpb25zIjp7ImNtZFNhdmUiOnsiZW5hYmxlZCI6ImF1dG8ifSwiY21kUHJpbnQiOnsiZW5hYmxlZCI6ImF1dG8ifSwiY21kU2luZ2xlUGFnZSI6eyJlbmFibGVkIjoiYXV0byIsImFjdGl2ZSI6ImF1dG8ifX19LCJhdXRvVGh1bWJuYWlsIjoiaHR0cHM6XC9cL2VsY29uY2hlbC5jb21cL3dwLWNvbnRlbnRcL3VwbG9hZHNcLzNkLWZsaXAtYm9va1wvYXV0by10aHVtYm5haWxzXC83MDU3LnBuZyIsInBvc3RfbmFtZSI6ImNhdGFsb2dvLWxhYnJpZWdvcy15LXNuYWNrcyIsInBvc3RfdHlwZSI6IjNkLWZsaXAtYm9vayJ9fSwicGFnZXMiOltdLCJmaXJzdFBhZ2VzIjpbXX0=');window.FB3D_CLIENT_LOCALE && FB3D_CLIENT_LOCALE.render && FB3D_CLIENT_LOCALE.render();<\/script>[\/vc_column_text][\/vc_column][\/vc_row][\/vc_section]<\/p>\n<\/div>","protected":false},"excerpt":{"rendered":"<p>[vc_section full_width=&#8221;stretch_row_content&#8221; css=&#8221;.vc_custom_1606313762327{margin-top: 0px !important;margin-bottom: 0px !important;padding-top: 0px !important;padding-bottom: 0px !important;background-color: #151515 !important;}&#8221;][vc_row][vc_column][vc_column_text][\/vc_column_text][\/vc_column][\/vc_row][\/vc_section]<\/p>\n","protected":false},"author":1,"featured_media":0,"parent":0,"menu_order":0,"comment_status":"closed","ping_status":"closed","template":"","meta":{"footnotes":""},"class_list":["post-7069","page","type-page","status-publish","hentry"],"yoast_head":"<!-- This site is optimized with the Yoast SEO plugin v24.5 - https:\/\/yoast.com\/wordpress\/plugins\/seo\/ -->\n<title>Cat\u00e1logo Labriegos y Snacks | Cerdo Duroc | El Conchel<\/title>\n<meta name=\"description\" content=\"Descubre en nuestro cat\u00e1logo Labriegos y Snacks unos deliciosos embutidos y torreznos en un formato c\u00f3modo para comer en cualquier lugar.\" \/>\n<meta name=\"robots\" content=\"index, follow, max-snippet:-1, max-image-preview:large, max-video-preview:-1\" \/>\n<link rel=\"canonical\" href=\"https:\/\/elconchel.com\/en\/catalogo-labriegos-snacks\/\" \/>\n<meta property=\"og:locale\" content=\"en_US\" \/>\n<meta property=\"og:type\" content=\"article\" \/>\n<meta property=\"og:title\" content=\"Cat\u00e1logo Labriegos y Snacks | Cerdo Duroc | El Conchel\" \/>\n<meta property=\"og:description\" content=\"Descubre en nuestro cat\u00e1logo Labriegos y Snacks unos deliciosos embutidos y torreznos en un formato c\u00f3modo para comer en cualquier lugar.\" \/>\n<meta property=\"og:url\" content=\"https:\/\/elconchel.com\/en\/catalogo-labriegos-snacks\/\" \/>\n<meta property=\"og:site_name\" content=\"El Conchel\" \/>\n<meta property=\"article:modified_time\" content=\"2020-11-30T13:51:25+00:00\" \/>\n<meta name=\"twitter:card\" content=\"summary_large_image\" \/>\n<script type=\"application\/ld+json\" class=\"yoast-schema-graph\">{\"@context\":\"https:\/\/schema.org\",\"@graph\":[{\"@type\":\"WebPage\",\"@id\":\"https:\/\/elconchel.com\/en\/catalogo-labriegos-snacks\/\",\"url\":\"https:\/\/elconchel.com\/en\/catalogo-labriegos-snacks\/\",\"name\":\"Cat\u00e1logo Labriegos y Snacks | Cerdo Duroc | El Conchel\",\"isPartOf\":{\"@id\":\"https:\/\/elconchel.com\/en\/#website\"},\"datePublished\":\"2020-11-26T09:01:38+00:00\",\"dateModified\":\"2020-11-30T13:51:25+00:00\",\"description\":\"Descubre en nuestro cat\u00e1logo Labriegos y Snacks unos deliciosos embutidos y torreznos en un formato c\u00f3modo para comer en cualquier lugar.\",\"breadcrumb\":{\"@id\":\"https:\/\/elconchel.com\/en\/catalogo-labriegos-snacks\/#breadcrumb\"},\"inLanguage\":\"en-US\",\"potentialAction\":[{\"@type\":\"ReadAction\",\"target\":[\"https:\/\/elconchel.com\/en\/catalogo-labriegos-snacks\/\"]}]},{\"@type\":\"BreadcrumbList\",\"@id\":\"https:\/\/elconchel.com\/en\/catalogo-labriegos-snacks\/#breadcrumb\",\"itemListElement\":[{\"@type\":\"ListItem\",\"position\":1,\"name\":\"Inicio\",\"item\":\"https:\/\/elconchel.com\/en\/\"},{\"@type\":\"ListItem\",\"position\":2,\"name\":\"Cat\u00e1logo Labriegos y Snacks\"}]},{\"@type\":\"WebSite\",\"@id\":\"https:\/\/elconchel.com\/en\/#website\",\"url\":\"https:\/\/elconchel.com\/en\/\",\"name\":\"El Conchel\",\"description\":\"\",\"publisher\":{\"@id\":\"https:\/\/elconchel.com\/en\/#organization\"},\"potentialAction\":[{\"@type\":\"SearchAction\",\"target\":{\"@type\":\"EntryPoint\",\"urlTemplate\":\"https:\/\/elconchel.com\/en\/?s={search_term_string}\"},\"query-input\":{\"@type\":\"PropertyValueSpecification\",\"valueRequired\":true,\"valueName\":\"search_term_string\"}}],\"inLanguage\":\"en-US\"},{\"@type\":\"Organization\",\"@id\":\"https:\/\/elconchel.com\/en\/#organization\",\"name\":\"El Conchel\",\"url\":\"https:\/\/elconchel.com\/en\/\",\"logo\":{\"@type\":\"ImageObject\",\"inLanguage\":\"en-US\",\"@id\":\"https:\/\/elconchel.com\/en\/#\/schema\/logo\/image\/\",\"url\":\"https:\/\/staging-elconchel.com\/wp-content\/uploads\/2020\/10\/el-conchel-logo-negro.png\",\"contentUrl\":\"https:\/\/staging-elconchel.com\/wp-content\/uploads\/2020\/10\/el-conchel-logo-negro.png\",\"width\":225,\"height\":55,\"caption\":\"El Conchel\"},\"image\":{\"@id\":\"https:\/\/elconchel.com\/en\/#\/schema\/logo\/image\/\"}}]}<\/script>\n<!-- \/ Yoast SEO plugin. -->","yoast_head_json":{"title":"Cat\u00e1logo Labriegos y Snacks | Cerdo Duroc | El Conchel","description":"Descubre en nuestro cat\u00e1logo Labriegos y Snacks unos deliciosos embutidos y torreznos en un formato c\u00f3modo para comer en cualquier lugar.","robots":{"index":"index","follow":"follow","max-snippet":"max-snippet:-1","max-image-preview":"max-image-preview:large","max-video-preview":"max-video-preview:-1"},"canonical":"https:\/\/elconchel.com\/en\/catalogo-labriegos-snacks\/","og_locale":"en_US","og_type":"article","og_title":"Cat\u00e1logo Labriegos y Snacks | Cerdo Duroc | El Conchel","og_description":"Descubre en nuestro cat\u00e1logo Labriegos y Snacks unos deliciosos embutidos y torreznos en un formato c\u00f3modo para comer en cualquier lugar.","og_url":"https:\/\/elconchel.com\/en\/catalogo-labriegos-snacks\/","og_site_name":"El Conchel","article_modified_time":"2020-11-30T13:51:25+00:00","twitter_card":"summary_large_image","schema":{"@context":"https:\/\/schema.org","@graph":[{"@type":"WebPage","@id":"https:\/\/elconchel.com\/en\/catalogo-labriegos-snacks\/","url":"https:\/\/elconchel.com\/en\/catalogo-labriegos-snacks\/","name":"Cat\u00e1logo Labriegos y Snacks | Cerdo Duroc | El Conchel","isPartOf":{"@id":"https:\/\/elconchel.com\/en\/#website"},"datePublished":"2020-11-26T09:01:38+00:00","dateModified":"2020-11-30T13:51:25+00:00","description":"Descubre en nuestro cat\u00e1logo Labriegos y Snacks unos deliciosos embutidos y torreznos en un formato c\u00f3modo para comer en cualquier lugar.","breadcrumb":{"@id":"https:\/\/elconchel.com\/en\/catalogo-labriegos-snacks\/#breadcrumb"},"inLanguage":"en-US","potentialAction":[{"@type":"ReadAction","target":["https:\/\/elconchel.com\/en\/catalogo-labriegos-snacks\/"]}]},{"@type":"BreadcrumbList","@id":"https:\/\/elconchel.com\/en\/catalogo-labriegos-snacks\/#breadcrumb","itemListElement":[{"@type":"ListItem","position":1,"name":"Inicio","item":"https:\/\/elconchel.com\/en\/"},{"@type":"ListItem","position":2,"name":"Cat\u00e1logo Labriegos y Snacks"}]},{"@type":"WebSite","@id":"https:\/\/elconchel.com\/en\/#website","url":"https:\/\/elconchel.com\/en\/","name":"El Conchel","description":"","publisher":{"@id":"https:\/\/elconchel.com\/en\/#organization"},"potentialAction":[{"@type":"SearchAction","target":{"@type":"EntryPoint","urlTemplate":"https:\/\/elconchel.com\/en\/?s={search_term_string}"},"query-input":{"@type":"PropertyValueSpecification","valueRequired":true,"valueName":"search_term_string"}}],"inLanguage":"en-US"},{"@type":"Organization","@id":"https:\/\/elconchel.com\/en\/#organization","name":"El Conchel","url":"https:\/\/elconchel.com\/en\/","logo":{"@type":"ImageObject","inLanguage":"en-US","@id":"https:\/\/elconchel.com\/en\/#\/schema\/logo\/image\/","url":"https:\/\/staging-elconchel.com\/wp-content\/uploads\/2020\/10\/el-conchel-logo-negro.png","contentUrl":"https:\/\/staging-elconchel.com\/wp-content\/uploads\/2020\/10\/el-conchel-logo-negro.png","width":225,"height":55,"caption":"El Conchel"},"image":{"@id":"https:\/\/elconchel.com\/en\/#\/schema\/logo\/image\/"}}]}},"_links":{"self":[{"href":"https:\/\/elconchel.com\/en\/wp-json\/wp\/v2\/pages\/7069","targetHints":{"allow":["GET"]}}],"collection":[{"href":"https:\/\/elconchel.com\/en\/wp-json\/wp\/v2\/pages"}],"about":[{"href":"https:\/\/elconchel.com\/en\/wp-json\/wp\/v2\/types\/page"}],"author":[{"embeddable":true,"href":"https:\/\/elconchel.com\/en\/wp-json\/wp\/v2\/users\/1"}],"replies":[{"embeddable":true,"href":"https:\/\/elconchel.com\/en\/wp-json\/wp\/v2\/comments?post=7069"}],"version-history":[{"count":0,"href":"https:\/\/elconchel.com\/en\/wp-json\/wp\/v2\/pages\/7069\/revisions"}],"wp:attachment":[{"href":"https:\/\/elconchel.com\/en\/wp-json\/wp\/v2\/media?parent=7069"}],"curies":[{"name":"wp","href":"https:\/\/api.w.org\/{rel}","templated":true}]}}