{"id":1959,"date":"2020-09-03T14:20:11","date_gmt":"2020-09-03T14:20:11","guid":{"rendered":"https:\/\/elconchel.com\/?page_id=1959"},"modified":"2020-11-23T17:11:31","modified_gmt":"2020-11-23T17:11:31","slug":"nutricion","status":"publish","type":"page","link":"https:\/\/elconchel.com\/fr\/nutricion\/","title":{"rendered":"Nutrici\u00f3n"},"content":{"rendered":"<div class=\"wpb-content-wrapper\"><p>[vc_section css=\u00a0\u00bb.vc_custom_1603358576232{padding-top: 100px !important;}\u00a0\u00bb el_id=\u00a0\u00bbcontenido\u00a0\u00bb][vc_row][vc_column][vc_column_text]<\/p>\n<h2 style=\"text-align: center;\">Propiedades Nutricionales<\/h2>\n<p style=\"text-align: center;\">Nuestros productos c\u00e1rnicos y embutidos tradicionales est\u00e1n elaborados para que nuestros clientes disfruten de comidas saludables con un sabor aut\u00e9ntico y completas cualidades nutricionales, garantizando una alimentaci\u00f3n sana y saludable.<\/p>\n<p>[\/vc_column_text][\/vc_column][\/vc_row][\/vc_section][vc_section css=\u00a0\u00bb.vc_custom_1603190531327{padding-top: 60px !important;}\u00a0\u00bb][vc_row el_class=\u00a0\u00bbnutricion-fila\u00a0\u00bb][vc_column width=\u00a0\u00bb1\/2&Prime; el_class=\u00a0\u00bbnutricion-columna\u00a0\u00bb css=\u00a0\u00bb.vc_custom_1603192238232{margin-right: 10% !important;background-color: #f2f1f1 !important;}\u00a0\u00bb][vc_column_text]<\/p>\n<h3 style=\"text-align: center;\">Cantidad Recomendada:<\/h3>\n<p style=\"text-align: center;\">Cantidad que necesita un adulto:<\/p>\n<p style=\"text-align: center;\">Prote\u00edna<br \/>\nEnerg\u00eda<\/p>\n<p style=\"text-align: center;\">Con x gramos de jam\u00f3n suple la cantidad necesaria diaria.<\/p>\n<p>[\/vc_column_text][\/vc_column][vc_column width=\u00a0\u00bb1\/2&Prime; css=\u00a0\u00bb.vc_custom_1603192248739{margin-left: 10% !important;background-color: #f2f1f1 !important;}\u00a0\u00bb][vc_column_text]<\/p>\n<h3 style=\"text-align: center;\">Comparativa:<\/h3>\n<p style=\"text-align: center;\">Las kcal. no son una buena medida de lo saludable que es un producto.<\/p>\n<div class=\"nutricion-tabla\">\n<h4 style=\"text-align: center;\">Tabla comparativa:<\/h4>\n<div class=\"nutricion-tabla-contenido\">\n<div class=\"nutricion-tabla-izq\">\n<p>Prote\u00edna<br \/>\nAz\u00facar<br \/>\nEnerg\u00eda<\/p>\n<\/div>\n<div class=\"nutricion-tabla-dcha\">\n<p>Galleta convencional<br \/>\nPlato de pasta<br \/>\nBarrita de cereales<br \/>\nLomo embuchado<\/p>\n<\/div>\n<\/div>\n<\/div>\n<p>[\/vc_column_text][\/vc_column][\/vc_row][\/vc_section][vc_section css=\u00a0\u00bb.vc_custom_1603190539655{padding-top: 60px !important;}\u00a0\u00bb][vc_row][vc_column][vc_column_text]<\/p>\n<h2 style=\"text-align: center;\">Los productos El Conchel se caracterizan por:<\/h2>\n<p>[\/vc_column_text]<div class=\"wpb_content_element nutricion-puntos \">\t<div class=\"wrap_svl_center\">\r\n\t<div class=\"wrap_svl_center_box\">\r\n\t<div class=\"wrap_svl\" id=\"body_drag_3992\">\r\n\t\t<div class=\"images_wrap\">\r\n                            <img decoding=\"async\" src=\"https:\/\/elconchel.com\/wp-content\/uploads\/2020\/10\/loncha-jamon-1.jpg\" alt=\"Jam\u00f3n serrano troceado - El Conchel\">\r\n            \t\t<\/div>\t\r\n\t\t \t\t \t\t <div class=\"drag_element tips \" style=\"top:16.96%;left:24.83%;\" >\r\n\t\t \t<div class=\"point_style  ihotspot_tooltop_html\" data-placement=\"sw\" data-html=\"\t\t \t\t\t                  &lt;div class=&quot;box_view_html&quot;&gt;&lt;span class=&quot;close_ihp&quot;&gt;&lt;svg version=&quot;1.1&quot; xmlns=&quot;http:\/\/www.w3.org\/2000\/svg&quot; xmlns:xlink=&quot;http:\/\/www.w3.org\/1999\/xlink&quot; x=&quot;0px&quot; y=&quot;0px&quot; viewBox=&quot;0 0 1000 1000&quot; enable-background=&quot;new 0 0 1000 1000&quot; xml:space=&quot;preserve&quot;&gt;&lt;g&gt;&lt;path d=&quot;M153.7,153.7C57.9,249.5,10,365.3,10,499c0,135.7,47.9,251.5,143.7,347.3l0,0C249.5,942.1,363.3,990,499,990c135.7,0,251.5-47.9,347.3-143.7C942.1,750.5,990,634.7,990,499c0-135.7-47.9-249.5-143.7-345.3l0,0C750.5,57.9,634.7,10,499,10C365.3,10,249.5,57.9,153.7,153.7z M209.6,211.6l2-2C289.4,129.7,387.2,89.8,499,89.8c113.8,0,209.6,39.9,291.4,121.8c79.8,77.8,119.8,175.6,119.8,287.4c0,113.8-39.9,209.6-119.8,291.4C708.6,870.3,612.8,910.2,499,910.2c-111.8,0-209.6-39.9-287.4-119.8C129.8,708.6,89.8,612.8,89.8,499C89.8,387.2,129.8,289.4,209.6,211.6z&quot;\/&gt;&lt;path d=&quot;M293.4,331.3c0,12,4,22,12,29.9L443.1,497L305.4,632.7c-8,8-12,18-12,29.9c0,10,4,18,12,26c8,8,18,12,28,12c12,0,20-4,27.9-10L499,552.9l135.7,137.7c8,6,16,10,28,10c12,0,21.9-4,27.9-10c8-8,12-18,12-28c0-12-4-21.9-12-29.9L554.9,497l135.7-135.7c8-8,12-18,12-27.9c0-12-4-22-12-29.9c-6-8-16-12-25.9-12c-12,0-21.9,4-29.9,12L499,441.1L363.3,303.4c-8-8-18-12-29.9-12c-10,0-20,4-28,12C297.4,311.4,293.4,321.4,293.4,331.3z&quot;\/&gt;&lt;\/g&gt;&lt;\/svg&gt;&lt;\/span&gt;&lt;p&gt;&lt;strong&gt;Categor\u00eda Extra:&lt;\/strong&gt;&lt;\/p&gt;\n&lt;p class=&quot;texto&quot;&gt;Lorem ipsum dolor sit amet, consectetur adipiscing elit. Mauris accumsan orci eu orci dignissim, ut aliquet est rhoncus. Maecenas felis nibh, volutpat mollis lectus eget, fringilla semper ex.&lt;\/p&gt;\n&lt;\/div&gt;\r\n\t\t\t \t\t \t\t \">\r\n\t\t \t\t\t\t\t \t\t\t\t\t \t\t\t<div class=\"pins_animation ihotspot_pulse\" style=\"top:-29.5px;left:-29.5px;height:59px;width:59px\"><\/div>\r\n\t\t\t \t\t\t\t\t \t\t<img decoding=\"async\" src=\"https:\/\/elconchel.com\/wp-content\/uploads\/2020\/09\/saber-mas.png\" class=\"pins_image ihotspot_hastooltop\" style=\"top:-29.5px;left:-29.5px\" alt=\"\">\r\n\t\t\t \t\t\t\t \t\t\t\t \t<\/div>\r\n\t\t <\/div>\r\n\t\t \t\t <div class=\"drag_element tips \" style=\"top:67.78%;left:8.75%;\" >\r\n\t\t \t<div class=\"point_style  ihotspot_tooltop_html\" data-placement=\"w\" data-html=\"\t\t \t\t\t                  &lt;div class=&quot;box_view_html&quot;&gt;&lt;span class=&quot;close_ihp&quot;&gt;&lt;svg version=&quot;1.1&quot; xmlns=&quot;http:\/\/www.w3.org\/2000\/svg&quot; xmlns:xlink=&quot;http:\/\/www.w3.org\/1999\/xlink&quot; x=&quot;0px&quot; y=&quot;0px&quot; viewBox=&quot;0 0 1000 1000&quot; enable-background=&quot;new 0 0 1000 1000&quot; xml:space=&quot;preserve&quot;&gt;&lt;g&gt;&lt;path d=&quot;M153.7,153.7C57.9,249.5,10,365.3,10,499c0,135.7,47.9,251.5,143.7,347.3l0,0C249.5,942.1,363.3,990,499,990c135.7,0,251.5-47.9,347.3-143.7C942.1,750.5,990,634.7,990,499c0-135.7-47.9-249.5-143.7-345.3l0,0C750.5,57.9,634.7,10,499,10C365.3,10,249.5,57.9,153.7,153.7z M209.6,211.6l2-2C289.4,129.7,387.2,89.8,499,89.8c113.8,0,209.6,39.9,291.4,121.8c79.8,77.8,119.8,175.6,119.8,287.4c0,113.8-39.9,209.6-119.8,291.4C708.6,870.3,612.8,910.2,499,910.2c-111.8,0-209.6-39.9-287.4-119.8C129.8,708.6,89.8,612.8,89.8,499C89.8,387.2,129.8,289.4,209.6,211.6z&quot;\/&gt;&lt;path d=&quot;M293.4,331.3c0,12,4,22,12,29.9L443.1,497L305.4,632.7c-8,8-12,18-12,29.9c0,10,4,18,12,26c8,8,18,12,28,12c12,0,20-4,27.9-10L499,552.9l135.7,137.7c8,6,16,10,28,10c12,0,21.9-4,27.9-10c8-8,12-18,12-28c0-12-4-21.9-12-29.9L554.9,497l135.7-135.7c8-8,12-18,12-27.9c0-12-4-22-12-29.9c-6-8-16-12-25.9-12c-12,0-21.9,4-29.9,12L499,441.1L363.3,303.4c-8-8-18-12-29.9-12c-10,0-20,4-28,12C297.4,311.4,293.4,321.4,293.4,331.3z&quot;\/&gt;&lt;\/g&gt;&lt;\/svg&gt;&lt;\/span&gt;&lt;p&gt;&lt;strong&gt;Sin al\u00e9rgenos:&lt;\/strong&gt;&lt;\/p&gt;\n&lt;p class=&quot;texto&quot;&gt;Lorem ipsum dolor sit amet, consectetur adipiscing elit. Mauris accumsan orci eu orci dignissim, ut aliquet est rhoncus. Maecenas felis nibh, volutpat mollis lectus eget, fringilla semper ex.&lt;\/p&gt;\n&lt;\/div&gt;\r\n\t\t\t \t\t \t\t \">\r\n\t\t \t\t\t\t\t \t\t\t\t\t \t\t\t<div class=\"pins_animation ihotspot_pulse\" style=\"top:-29.5px;left:-29.5px;height:59px;width:59px\"><\/div>\r\n\t\t\t \t\t\t\t\t \t\t<img decoding=\"async\" src=\"https:\/\/elconchel.com\/wp-content\/uploads\/2020\/09\/saber-mas.png\" class=\"pins_image ihotspot_hastooltop\" style=\"top:-29.5px;left:-29.5px\" alt=\"\">\r\n\t\t\t \t\t\t\t \t\t\t\t \t<\/div>\r\n\t\t <\/div>\r\n\t\t \t\t <div class=\"drag_element tips \" style=\"top:77.85%;left:90.00%;\" >\r\n\t\t \t<div class=\"point_style  ihotspot_tooltop_html\" data-placement=\"e\" data-html=\"\t\t \t\t\t                  &lt;div class=&quot;box_view_html&quot;&gt;&lt;span class=&quot;close_ihp&quot;&gt;&lt;svg version=&quot;1.1&quot; xmlns=&quot;http:\/\/www.w3.org\/2000\/svg&quot; xmlns:xlink=&quot;http:\/\/www.w3.org\/1999\/xlink&quot; x=&quot;0px&quot; y=&quot;0px&quot; viewBox=&quot;0 0 1000 1000&quot; enable-background=&quot;new 0 0 1000 1000&quot; xml:space=&quot;preserve&quot;&gt;&lt;g&gt;&lt;path d=&quot;M153.7,153.7C57.9,249.5,10,365.3,10,499c0,135.7,47.9,251.5,143.7,347.3l0,0C249.5,942.1,363.3,990,499,990c135.7,0,251.5-47.9,347.3-143.7C942.1,750.5,990,634.7,990,499c0-135.7-47.9-249.5-143.7-345.3l0,0C750.5,57.9,634.7,10,499,10C365.3,10,249.5,57.9,153.7,153.7z M209.6,211.6l2-2C289.4,129.7,387.2,89.8,499,89.8c113.8,0,209.6,39.9,291.4,121.8c79.8,77.8,119.8,175.6,119.8,287.4c0,113.8-39.9,209.6-119.8,291.4C708.6,870.3,612.8,910.2,499,910.2c-111.8,0-209.6-39.9-287.4-119.8C129.8,708.6,89.8,612.8,89.8,499C89.8,387.2,129.8,289.4,209.6,211.6z&quot;\/&gt;&lt;path d=&quot;M293.4,331.3c0,12,4,22,12,29.9L443.1,497L305.4,632.7c-8,8-12,18-12,29.9c0,10,4,18,12,26c8,8,18,12,28,12c12,0,20-4,27.9-10L499,552.9l135.7,137.7c8,6,16,10,28,10c12,0,21.9-4,27.9-10c8-8,12-18,12-28c0-12-4-21.9-12-29.9L554.9,497l135.7-135.7c8-8,12-18,12-27.9c0-12-4-22-12-29.9c-6-8-16-12-25.9-12c-12,0-21.9,4-29.9,12L499,441.1L363.3,303.4c-8-8-18-12-29.9-12c-10,0-20,4-28,12C297.4,311.4,293.4,321.4,293.4,331.3z&quot;\/&gt;&lt;\/g&gt;&lt;\/svg&gt;&lt;\/span&gt;&lt;p&gt;&lt;strong&gt;Materias Primas:&lt;\/strong&gt;&lt;\/p&gt;\n&lt;p class=&quot;texto&quot;&gt;Lorem ipsum dolor sit amet, consectetur adipiscing elit. Mauris accumsan orci eu orci dignissim, ut aliquet est rhoncus. Maecenas felis nibh, volutpat mollis lectus eget, fringilla semper ex.&lt;\/p&gt;\n&lt;\/div&gt;\r\n\t\t\t \t\t \t\t \">\r\n\t\t \t\t\t\t\t \t\t\t\t\t \t\t\t<div class=\"pins_animation ihotspot_pulse\" style=\"top:-29.5px;left:-29.5px;height:59px;width:59px\"><\/div>\r\n\t\t\t \t\t\t\t\t \t\t<img decoding=\"async\" src=\"https:\/\/elconchel.com\/wp-content\/uploads\/2020\/09\/saber-mas.png\" class=\"pins_image ihotspot_hastooltop\" style=\"top:-29.5px;left:-29.5px\" alt=\"\">\r\n\t\t\t \t\t\t\t \t\t\t\t \t<\/div>\r\n\t\t <\/div>\r\n\t\t \t\t <div class=\"drag_element tips \" style=\"top:36.18%;left:72.58%;\" >\r\n\t\t \t<div class=\"point_style  ihotspot_tooltop_html\" data-placement=\"e\" data-html=\"\t\t \t\t\t                  &lt;div class=&quot;box_view_html&quot;&gt;&lt;span class=&quot;close_ihp&quot;&gt;&lt;svg version=&quot;1.1&quot; xmlns=&quot;http:\/\/www.w3.org\/2000\/svg&quot; xmlns:xlink=&quot;http:\/\/www.w3.org\/1999\/xlink&quot; x=&quot;0px&quot; y=&quot;0px&quot; viewBox=&quot;0 0 1000 1000&quot; enable-background=&quot;new 0 0 1000 1000&quot; xml:space=&quot;preserve&quot;&gt;&lt;g&gt;&lt;path d=&quot;M153.7,153.7C57.9,249.5,10,365.3,10,499c0,135.7,47.9,251.5,143.7,347.3l0,0C249.5,942.1,363.3,990,499,990c135.7,0,251.5-47.9,347.3-143.7C942.1,750.5,990,634.7,990,499c0-135.7-47.9-249.5-143.7-345.3l0,0C750.5,57.9,634.7,10,499,10C365.3,10,249.5,57.9,153.7,153.7z M209.6,211.6l2-2C289.4,129.7,387.2,89.8,499,89.8c113.8,0,209.6,39.9,291.4,121.8c79.8,77.8,119.8,175.6,119.8,287.4c0,113.8-39.9,209.6-119.8,291.4C708.6,870.3,612.8,910.2,499,910.2c-111.8,0-209.6-39.9-287.4-119.8C129.8,708.6,89.8,612.8,89.8,499C89.8,387.2,129.8,289.4,209.6,211.6z&quot;\/&gt;&lt;path d=&quot;M293.4,331.3c0,12,4,22,12,29.9L443.1,497L305.4,632.7c-8,8-12,18-12,29.9c0,10,4,18,12,26c8,8,18,12,28,12c12,0,20-4,27.9-10L499,552.9l135.7,137.7c8,6,16,10,28,10c12,0,21.9-4,27.9-10c8-8,12-18,12-28c0-12-4-21.9-12-29.9L554.9,497l135.7-135.7c8-8,12-18,12-27.9c0-12-4-22-12-29.9c-6-8-16-12-25.9-12c-12,0-21.9,4-29.9,12L499,441.1L363.3,303.4c-8-8-18-12-29.9-12c-10,0-20,4-28,12C297.4,311.4,293.4,321.4,293.4,331.3z&quot;\/&gt;&lt;\/g&gt;&lt;\/svg&gt;&lt;\/span&gt;&lt;p&gt;&lt;strong&gt;Alto contenido en Proteinas:&lt;\/strong&gt;&lt;\/p&gt;\n&lt;p class=&quot;texto&quot;&gt;Lorem ipsum dolor sit amet, consectetur adipiscing elit. Mauris accumsan orci eu orci dignissim, ut aliquet est rhoncus. Maecenas felis nibh, volutpat mollis lectus eget, fringilla semper ex.&lt;\/p&gt;\n&lt;\/div&gt;\r\n\t\t\t \t\t \t\t \">\r\n\t\t \t\t\t\t\t \t\t\t\t\t \t\t\t<div class=\"pins_animation ihotspot_pulse\" style=\"top:-29.5px;left:-29.5px;height:59px;width:59px\"><\/div>\r\n\t\t\t \t\t\t\t\t \t\t<img decoding=\"async\" src=\"https:\/\/elconchel.com\/wp-content\/uploads\/2020\/09\/saber-mas.png\" class=\"pins_image ihotspot_hastooltop\" style=\"top:-29.5px;left:-29.5px\" alt=\"\">\r\n\t\t\t \t\t\t\t \t\t\t\t \t<\/div>\r\n\t\t <\/div>\r\n\t\t \t\t \r\n\t\t  \t\t \t\r\n\t <\/div>\r\n\t <\/div>\r\n\t <\/div>\r\n\t<\/div>[\/vc_column][\/vc_row][\/vc_section]<\/p>\n<\/div>","protected":false},"excerpt":{"rendered":"<p>[vc_section css=\u00a0\u00bb.vc_custom_1603358576232{padding-top: 100px !important;}\u00a0\u00bb el_id=\u00a0\u00bbcontenido\u00a0\u00bb][vc_row][vc_column][vc_column_text] Propiedades Nutricionales Nuestros productos c\u00e1rnicos y embutidos tradicionales est\u00e1n elaborados para que nuestros clientes disfruten de comidas saludables con un sabor aut\u00e9ntico y completas cualidades nutricionales, garantizando una alimentaci\u00f3n sana y saludable. [\/vc_column_text][\/vc_column][\/vc_row][\/vc_section][vc_section css=\u00a0\u00bb.vc_custom_1603190531327{padding-top: 60px !important;}\u00a0\u00bb][vc_row el_class=\u00a0\u00bbnutricion-fila\u00a0\u00bb][vc_column width=\u00a0\u00bb1\/2&Prime; el_class=\u00a0\u00bbnutricion-columna\u00a0\u00bb css=\u00a0\u00bb.vc_custom_1603192238232{margin-right: 10% !important;background-color: #f2f1f1 !important;}\u00a0\u00bb][vc_column_text] Cantidad Recomendada: Cantidad que necesita un [&hellip;]<\/p>\n","protected":false},"author":1,"featured_media":0,"parent":0,"menu_order":0,"comment_status":"closed","ping_status":"closed","template":"","meta":{"footnotes":""},"class_list":["post-1959","page","type-page","status-publish","hentry"],"yoast_head":"<!-- This site is optimized with the Yoast SEO plugin v24.5 - https:\/\/yoast.com\/wordpress\/plugins\/seo\/ -->\n<title>Nutrici\u00f3n | Alimentaci\u00f3n sana y saludable | El Conchel<\/title>\n<meta name=\"description\" content=\"Los embutidos de El Conchel aportan una nutrici\u00f3n equilibrada y saludable con un sabor aut\u00e9ntico. Consulta sus propiedades nutricionales.\" \/>\n<meta name=\"robots\" content=\"index, follow, max-snippet:-1, max-image-preview:large, max-video-preview:-1\" \/>\n<link rel=\"canonical\" href=\"https:\/\/elconchel.com\/fr\/nutricion\/\" \/>\n<meta property=\"og:locale\" content=\"fr_FR\" \/>\n<meta property=\"og:type\" content=\"article\" \/>\n<meta property=\"og:title\" content=\"Nutrici\u00f3n | Alimentaci\u00f3n sana y saludable | El Conchel\" \/>\n<meta property=\"og:description\" content=\"Los embutidos de El Conchel aportan una nutrici\u00f3n equilibrada y saludable con un sabor aut\u00e9ntico. Consulta sus propiedades nutricionales.\" \/>\n<meta property=\"og:url\" content=\"https:\/\/elconchel.com\/fr\/nutricion\/\" \/>\n<meta property=\"og:site_name\" content=\"El Conchel\" \/>\n<meta property=\"article:modified_time\" content=\"2020-11-23T17:11:31+00:00\" \/>\n<meta name=\"twitter:card\" content=\"summary_large_image\" \/>\n<meta name=\"twitter:label1\" content=\"Dur\u00e9e de lecture estim\u00e9e\" \/>\n\t<meta name=\"twitter:data1\" content=\"1 minute\" \/>\n<script type=\"application\/ld+json\" class=\"yoast-schema-graph\">{\"@context\":\"https:\/\/schema.org\",\"@graph\":[{\"@type\":\"WebPage\",\"@id\":\"https:\/\/elconchel.com\/fr\/nutricion\/\",\"url\":\"https:\/\/elconchel.com\/fr\/nutricion\/\",\"name\":\"Nutrici\u00f3n | Alimentaci\u00f3n sana y saludable | El Conchel\",\"isPartOf\":{\"@id\":\"https:\/\/elconchel.com\/fr\/#website\"},\"datePublished\":\"2020-09-03T14:20:11+00:00\",\"dateModified\":\"2020-11-23T17:11:31+00:00\",\"description\":\"Los embutidos de El Conchel aportan una nutrici\u00f3n equilibrada y saludable con un sabor aut\u00e9ntico. Consulta sus propiedades nutricionales.\",\"breadcrumb\":{\"@id\":\"https:\/\/elconchel.com\/fr\/nutricion\/#breadcrumb\"},\"inLanguage\":\"fr-FR\",\"potentialAction\":[{\"@type\":\"ReadAction\",\"target\":[\"https:\/\/elconchel.com\/fr\/nutricion\/\"]}]},{\"@type\":\"BreadcrumbList\",\"@id\":\"https:\/\/elconchel.com\/fr\/nutricion\/#breadcrumb\",\"itemListElement\":[{\"@type\":\"ListItem\",\"position\":1,\"name\":\"Inicio\",\"item\":\"https:\/\/elconchel.com\/fr\/\"},{\"@type\":\"ListItem\",\"position\":2,\"name\":\"Nutrici\u00f3n\"}]},{\"@type\":\"WebSite\",\"@id\":\"https:\/\/elconchel.com\/fr\/#website\",\"url\":\"https:\/\/elconchel.com\/fr\/\",\"name\":\"El Conchel\",\"description\":\"\",\"publisher\":{\"@id\":\"https:\/\/elconchel.com\/fr\/#organization\"},\"potentialAction\":[{\"@type\":\"SearchAction\",\"target\":{\"@type\":\"EntryPoint\",\"urlTemplate\":\"https:\/\/elconchel.com\/fr\/?s={search_term_string}\"},\"query-input\":{\"@type\":\"PropertyValueSpecification\",\"valueRequired\":true,\"valueName\":\"search_term_string\"}}],\"inLanguage\":\"fr-FR\"},{\"@type\":\"Organization\",\"@id\":\"https:\/\/elconchel.com\/fr\/#organization\",\"name\":\"El Conchel\",\"url\":\"https:\/\/elconchel.com\/fr\/\",\"logo\":{\"@type\":\"ImageObject\",\"inLanguage\":\"fr-FR\",\"@id\":\"https:\/\/elconchel.com\/fr\/#\/schema\/logo\/image\/\",\"url\":\"https:\/\/staging-elconchel.com\/wp-content\/uploads\/2020\/10\/el-conchel-logo-negro.png\",\"contentUrl\":\"https:\/\/staging-elconchel.com\/wp-content\/uploads\/2020\/10\/el-conchel-logo-negro.png\",\"width\":225,\"height\":55,\"caption\":\"El Conchel\"},\"image\":{\"@id\":\"https:\/\/elconchel.com\/fr\/#\/schema\/logo\/image\/\"}}]}<\/script>\n<!-- \/ Yoast SEO plugin. -->","yoast_head_json":{"title":"Nutrici\u00f3n | Alimentaci\u00f3n sana y saludable | El Conchel","description":"Los embutidos de El Conchel aportan una nutrici\u00f3n equilibrada y saludable con un sabor aut\u00e9ntico. Consulta sus propiedades nutricionales.","robots":{"index":"index","follow":"follow","max-snippet":"max-snippet:-1","max-image-preview":"max-image-preview:large","max-video-preview":"max-video-preview:-1"},"canonical":"https:\/\/elconchel.com\/fr\/nutricion\/","og_locale":"fr_FR","og_type":"article","og_title":"Nutrici\u00f3n | Alimentaci\u00f3n sana y saludable | El Conchel","og_description":"Los embutidos de El Conchel aportan una nutrici\u00f3n equilibrada y saludable con un sabor aut\u00e9ntico. Consulta sus propiedades nutricionales.","og_url":"https:\/\/elconchel.com\/fr\/nutricion\/","og_site_name":"El Conchel","article_modified_time":"2020-11-23T17:11:31+00:00","twitter_card":"summary_large_image","twitter_misc":{"Dur\u00e9e de lecture estim\u00e9e":"1 minute"},"schema":{"@context":"https:\/\/schema.org","@graph":[{"@type":"WebPage","@id":"https:\/\/elconchel.com\/fr\/nutricion\/","url":"https:\/\/elconchel.com\/fr\/nutricion\/","name":"Nutrici\u00f3n | Alimentaci\u00f3n sana y saludable | El Conchel","isPartOf":{"@id":"https:\/\/elconchel.com\/fr\/#website"},"datePublished":"2020-09-03T14:20:11+00:00","dateModified":"2020-11-23T17:11:31+00:00","description":"Los embutidos de El Conchel aportan una nutrici\u00f3n equilibrada y saludable con un sabor aut\u00e9ntico. Consulta sus propiedades nutricionales.","breadcrumb":{"@id":"https:\/\/elconchel.com\/fr\/nutricion\/#breadcrumb"},"inLanguage":"fr-FR","potentialAction":[{"@type":"ReadAction","target":["https:\/\/elconchel.com\/fr\/nutricion\/"]}]},{"@type":"BreadcrumbList","@id":"https:\/\/elconchel.com\/fr\/nutricion\/#breadcrumb","itemListElement":[{"@type":"ListItem","position":1,"name":"Inicio","item":"https:\/\/elconchel.com\/fr\/"},{"@type":"ListItem","position":2,"name":"Nutrici\u00f3n"}]},{"@type":"WebSite","@id":"https:\/\/elconchel.com\/fr\/#website","url":"https:\/\/elconchel.com\/fr\/","name":"El Conchel","description":"","publisher":{"@id":"https:\/\/elconchel.com\/fr\/#organization"},"potentialAction":[{"@type":"SearchAction","target":{"@type":"EntryPoint","urlTemplate":"https:\/\/elconchel.com\/fr\/?s={search_term_string}"},"query-input":{"@type":"PropertyValueSpecification","valueRequired":true,"valueName":"search_term_string"}}],"inLanguage":"fr-FR"},{"@type":"Organization","@id":"https:\/\/elconchel.com\/fr\/#organization","name":"El Conchel","url":"https:\/\/elconchel.com\/fr\/","logo":{"@type":"ImageObject","inLanguage":"fr-FR","@id":"https:\/\/elconchel.com\/fr\/#\/schema\/logo\/image\/","url":"https:\/\/staging-elconchel.com\/wp-content\/uploads\/2020\/10\/el-conchel-logo-negro.png","contentUrl":"https:\/\/staging-elconchel.com\/wp-content\/uploads\/2020\/10\/el-conchel-logo-negro.png","width":225,"height":55,"caption":"El Conchel"},"image":{"@id":"https:\/\/elconchel.com\/fr\/#\/schema\/logo\/image\/"}}]}},"_links":{"self":[{"href":"https:\/\/elconchel.com\/fr\/wp-json\/wp\/v2\/pages\/1959","targetHints":{"allow":["GET"]}}],"collection":[{"href":"https:\/\/elconchel.com\/fr\/wp-json\/wp\/v2\/pages"}],"about":[{"href":"https:\/\/elconchel.com\/fr\/wp-json\/wp\/v2\/types\/page"}],"author":[{"embeddable":true,"href":"https:\/\/elconchel.com\/fr\/wp-json\/wp\/v2\/users\/1"}],"replies":[{"embeddable":true,"href":"https:\/\/elconchel.com\/fr\/wp-json\/wp\/v2\/comments?post=1959"}],"version-history":[{"count":0,"href":"https:\/\/elconchel.com\/fr\/wp-json\/wp\/v2\/pages\/1959\/revisions"}],"wp:attachment":[{"href":"https:\/\/elconchel.com\/fr\/wp-json\/wp\/v2\/media?parent=1959"}],"curies":[{"name":"wp","href":"https:\/\/api.w.org\/{rel}","templated":true}]}}