{"id":7071,"date":"2020-11-26T09:03:07","date_gmt":"2020-11-26T09:03:07","guid":{"rendered":"https:\/\/elconchel.com\/?page_id=7071"},"modified":"2020-11-30T13:54:52","modified_gmt":"2020-11-30T13:54:52","slug":"catalogo-sabyfres","status":"publish","type":"page","link":"https:\/\/elconchel.com\/fr\/catalogo-sabyfres\/","title":{"rendered":"Cat\u00e1logo Sabyfres"},"content":{"rendered":"<div class=\"wpb-content-wrapper\"><p>[vc_section full_width=\u00a0\u00bbstretch_row_content\u00a0\u00bb css=\u00a0\u00bb.vc_custom_1606313762327{margin-top: 0px !important;margin-bottom: 0px !important;padding-top: 0px !important;padding-bottom: 0px !important;background-color: #151515 !important;}\u00a0\u00bb][vc_row][vc_column][vc_column_text]<div class=\"_3d-flip-book  fb3d-fullscreen-mode full-size\" data-id=\"7059\" data-mode=\"fullscreen\" data-title=\"false\" data-template=\"short-white-book-view\" data-lightbox=\"dark-shadow\" data-urlparam=\"catalogo\" data-page-n=\"0\" data-pdf=\"\" data-tax=\"null\" data-thumbnail=\"\" data-cols=\"3\" data-book-template=\"default\" data-trigger=\"\"><\/div><script type=\"text\/javascript\">window.FB3D_CLIENT_DATA = window.FB3D_CLIENT_DATA || [];FB3D_CLIENT_DATA.push('eyJwb3N0cyI6eyI3MDU5Ijp7IklEIjo3MDU5LCJ0aXRsZSI6IkNhdFx1MDBlMWxvZ28gU2FieWZyZXMiLCJ0eXBlIjoicGRmIiwicmVhZHlfZnVuY3Rpb24iOiIiLCJib29rX3N0eWxlIjoiZmxhdCIsImJvb2tfdGVtcGxhdGUiOiJub25lIiwib3V0bGluZSI6W10sImRhdGEiOnsicG9zdF9JRCI6IjcwNjAiLCJndWlkIjoiaHR0cHM6XC9cL2VsY29uY2hlbC5jb21cL3dwLWNvbnRlbnRcL3VwbG9hZHNcLzIwMjBcLzExXC9jYXRhbG9nby1zYWJ5ZnJlcy1lbC1jb25jaGVsLnBkZiIsInBkZl9wYWdlcyI6IjgiLCJwYWdlc19jdXN0b21pemF0aW9uIjoibm9uZSJ9LCJ0aHVtYm5haWwiOnsiZGF0YSI6eyJwb3N0X0lEIjoiMCJ9LCJ0eXBlIjoiYXV0byJ9LCJwcm9wcyI6eyJjYWNoZWRQYWdlcyI6ImF1dG8iLCJyZW5kZXJJbmFjdGl2ZVBhZ2VzIjoiYXV0byIsInJlbmRlckluYWN0aXZlUGFnZXNPbk1vYmlsZSI6ImF1dG8iLCJyZW5kZXJXaGlsZUZsaXBwaW5nIjoiYXV0byIsInByZWxvYWRQYWdlcyI6ImF1dG8iLCJydGwiOiJhdXRvIiwic2hlZXQiOnsic3RhcnRWZWxvY2l0eSI6ImF1dG8iLCJ3YXZlIjoiYXV0byIsIndpZHRoVGV4ZWxzIjoiYXV0byIsImNvbG9yIjoiYXV0byIsInNpZGUiOiJhdXRvIiwiY29ybmVyRGV2aWF0aW9uIjoiYXV0byIsImZsZXhpYmlsaXR5IjoiYXV0byIsImZsZXhpYmxlQ29ybmVyIjoiYXV0byIsImJlbmRpbmciOiJhdXRvIiwiaGVpZ2h0VGV4ZWxzIjoiYXV0byJ9LCJjb3ZlciI6eyJ3YXZlIjoiYXV0byIsImNvbG9yIjoiYXV0byIsImJpbmRlclRleHR1cmUiOiJhdXRvIiwiZGVwdGgiOiJhdXRvIiwicGFkZGluZyI6ImF1dG8iLCJzdGFydFZlbG9jaXR5IjoiYXV0byIsImZsZXhpYmlsaXR5IjoiYXV0byIsImZsZXhpYmxlQ29ybmVyIjoiYXV0byIsImJlbmRpbmciOiJhdXRvIiwid2lkdGhUZXhlbHMiOiJhdXRvIiwiaGVpZ2h0VGV4ZWxzIjoiYXV0byIsIm1hc3MiOiJhdXRvIiwic2lkZSI6ImF1dG8ifSwicGFnZSI6eyJ3YXZlIjoiYXV0byIsImNvbG9yIjoiYXV0byIsImRlcHRoIjoiYXV0byIsInN0YXJ0VmVsb2NpdHkiOiJhdXRvIiwiZmxleGliaWxpdHkiOiJhdXRvIiwiZmxleGlibGVDb3JuZXIiOiJhdXRvIiwiYmVuZGluZyI6ImF1dG8iLCJ3aWR0aFRleGVscyI6ImF1dG8iLCJoZWlnaHRUZXhlbHMiOiJhdXRvIiwibWFzcyI6ImF1dG8iLCJzaWRlIjoiYXV0byJ9LCJoZWlnaHQiOiJhdXRvIiwid2lkdGgiOiJhdXRvIiwiZ3Jhdml0eSI6ImF1dG8iLCJwYWdlc0ZvclByZWRpY3RpbmciOiJhdXRvIn0sImNvbnRyb2xQcm9wcyI6eyJhY3Rpb25zIjp7ImNtZFNhdmUiOnsiZW5hYmxlZCI6ImF1dG8ifSwiY21kUHJpbnQiOnsiZW5hYmxlZCI6ImF1dG8ifSwiY21kU2luZ2xlUGFnZSI6eyJlbmFibGVkIjoiYXV0byIsImFjdGl2ZSI6ImF1dG8ifX19LCJhdXRvVGh1bWJuYWlsIjoiaHR0cHM6XC9cL2VsY29uY2hlbC5jb21cL3dwLWNvbnRlbnRcL3VwbG9hZHNcLzNkLWZsaXAtYm9va1wvYXV0by10aHVtYm5haWxzXC83MDU5LnBuZyIsInBvc3RfbmFtZSI6ImNhdGFsb2dvLXNhYnlmcmVzIiwicG9zdF90eXBlIjoiM2QtZmxpcC1ib29rIn19LCJwYWdlcyI6W10sImZpcnN0UGFnZXMiOltdfQ==');window.FB3D_CLIENT_LOCALE && FB3D_CLIENT_LOCALE.render && FB3D_CLIENT_LOCALE.render();<\/script>[\/vc_column_text][\/vc_column][\/vc_row][\/vc_section]<\/p>\n<\/div>","protected":false},"excerpt":{"rendered":"<p>[vc_section full_width=\u00a0\u00bbstretch_row_content\u00a0\u00bb css=\u00a0\u00bb.vc_custom_1606313762327{margin-top: 0px !important;margin-bottom: 0px !important;padding-top: 0px !important;padding-bottom: 0px !important;background-color: #151515 !important;}\u00a0\u00bb][vc_row][vc_column][vc_column_text][\/vc_column_text][\/vc_column][\/vc_row][\/vc_section]<\/p>\n","protected":false},"author":1,"featured_media":0,"parent":0,"menu_order":0,"comment_status":"closed","ping_status":"closed","template":"","meta":{"footnotes":""},"class_list":["post-7071","page","type-page","status-publish","hentry"],"yoast_head":"<!-- This site is optimized with the Yoast SEO plugin v24.5 - https:\/\/yoast.com\/wordpress\/plugins\/seo\/ -->\n<title>Cat\u00e1logo SabyFres | Sabor y frescura | El Conchel<\/title>\n<meta name=\"description\" content=\"\u00bfA\u00fan no conoces los mejores productos curados, ahumados y cocidos de El Conchel? Consulta nuestro cat\u00e1logo de productos c\u00e1rnicos SabyFres y desc\u00fabrelos.\" \/>\n<meta name=\"robots\" content=\"index, follow, max-snippet:-1, max-image-preview:large, max-video-preview:-1\" \/>\n<link rel=\"canonical\" href=\"https:\/\/elconchel.com\/fr\/catalogo-sabyfres\/\" \/>\n<meta property=\"og:locale\" content=\"fr_FR\" \/>\n<meta property=\"og:type\" content=\"article\" \/>\n<meta property=\"og:title\" content=\"Cat\u00e1logo SabyFres | Sabor y frescura | El Conchel\" \/>\n<meta property=\"og:description\" content=\"\u00bfA\u00fan no conoces los mejores productos curados, ahumados y cocidos de El Conchel? Consulta nuestro cat\u00e1logo de productos c\u00e1rnicos SabyFres y desc\u00fabrelos.\" \/>\n<meta property=\"og:url\" content=\"https:\/\/elconchel.com\/fr\/catalogo-sabyfres\/\" \/>\n<meta property=\"og:site_name\" content=\"El Conchel\" \/>\n<meta property=\"article:modified_time\" content=\"2020-11-30T13:54:52+00:00\" \/>\n<meta name=\"twitter:card\" content=\"summary_large_image\" \/>\n<script type=\"application\/ld+json\" class=\"yoast-schema-graph\">{\"@context\":\"https:\/\/schema.org\",\"@graph\":[{\"@type\":\"WebPage\",\"@id\":\"https:\/\/elconchel.com\/fr\/catalogo-sabyfres\/\",\"url\":\"https:\/\/elconchel.com\/fr\/catalogo-sabyfres\/\",\"name\":\"Cat\u00e1logo SabyFres | Sabor y frescura | El Conchel\",\"isPartOf\":{\"@id\":\"https:\/\/elconchel.com\/fr\/#website\"},\"datePublished\":\"2020-11-26T09:03:07+00:00\",\"dateModified\":\"2020-11-30T13:54:52+00:00\",\"description\":\"\u00bfA\u00fan no conoces los mejores productos curados, ahumados y cocidos de El Conchel? Consulta nuestro cat\u00e1logo de productos c\u00e1rnicos SabyFres y desc\u00fabrelos.\",\"breadcrumb\":{\"@id\":\"https:\/\/elconchel.com\/fr\/catalogo-sabyfres\/#breadcrumb\"},\"inLanguage\":\"fr-FR\",\"potentialAction\":[{\"@type\":\"ReadAction\",\"target\":[\"https:\/\/elconchel.com\/fr\/catalogo-sabyfres\/\"]}]},{\"@type\":\"BreadcrumbList\",\"@id\":\"https:\/\/elconchel.com\/fr\/catalogo-sabyfres\/#breadcrumb\",\"itemListElement\":[{\"@type\":\"ListItem\",\"position\":1,\"name\":\"Inicio\",\"item\":\"https:\/\/elconchel.com\/fr\/\"},{\"@type\":\"ListItem\",\"position\":2,\"name\":\"Cat\u00e1logo Sabyfres\"}]},{\"@type\":\"WebSite\",\"@id\":\"https:\/\/elconchel.com\/fr\/#website\",\"url\":\"https:\/\/elconchel.com\/fr\/\",\"name\":\"El Conchel\",\"description\":\"\",\"publisher\":{\"@id\":\"https:\/\/elconchel.com\/fr\/#organization\"},\"potentialAction\":[{\"@type\":\"SearchAction\",\"target\":{\"@type\":\"EntryPoint\",\"urlTemplate\":\"https:\/\/elconchel.com\/fr\/?s={search_term_string}\"},\"query-input\":{\"@type\":\"PropertyValueSpecification\",\"valueRequired\":true,\"valueName\":\"search_term_string\"}}],\"inLanguage\":\"fr-FR\"},{\"@type\":\"Organization\",\"@id\":\"https:\/\/elconchel.com\/fr\/#organization\",\"name\":\"El Conchel\",\"url\":\"https:\/\/elconchel.com\/fr\/\",\"logo\":{\"@type\":\"ImageObject\",\"inLanguage\":\"fr-FR\",\"@id\":\"https:\/\/elconchel.com\/fr\/#\/schema\/logo\/image\/\",\"url\":\"https:\/\/staging-elconchel.com\/wp-content\/uploads\/2020\/10\/el-conchel-logo-negro.png\",\"contentUrl\":\"https:\/\/staging-elconchel.com\/wp-content\/uploads\/2020\/10\/el-conchel-logo-negro.png\",\"width\":225,\"height\":55,\"caption\":\"El Conchel\"},\"image\":{\"@id\":\"https:\/\/elconchel.com\/fr\/#\/schema\/logo\/image\/\"}}]}<\/script>\n<!-- \/ Yoast SEO plugin. -->","yoast_head_json":{"title":"Cat\u00e1logo SabyFres | Sabor y frescura | El Conchel","description":"\u00bfA\u00fan no conoces los mejores productos curados, ahumados y cocidos de El Conchel? Consulta nuestro cat\u00e1logo de productos c\u00e1rnicos SabyFres y desc\u00fabrelos.","robots":{"index":"index","follow":"follow","max-snippet":"max-snippet:-1","max-image-preview":"max-image-preview:large","max-video-preview":"max-video-preview:-1"},"canonical":"https:\/\/elconchel.com\/fr\/catalogo-sabyfres\/","og_locale":"fr_FR","og_type":"article","og_title":"Cat\u00e1logo SabyFres | Sabor y frescura | El Conchel","og_description":"\u00bfA\u00fan no conoces los mejores productos curados, ahumados y cocidos de El Conchel? Consulta nuestro cat\u00e1logo de productos c\u00e1rnicos SabyFres y desc\u00fabrelos.","og_url":"https:\/\/elconchel.com\/fr\/catalogo-sabyfres\/","og_site_name":"El Conchel","article_modified_time":"2020-11-30T13:54:52+00:00","twitter_card":"summary_large_image","schema":{"@context":"https:\/\/schema.org","@graph":[{"@type":"WebPage","@id":"https:\/\/elconchel.com\/fr\/catalogo-sabyfres\/","url":"https:\/\/elconchel.com\/fr\/catalogo-sabyfres\/","name":"Cat\u00e1logo SabyFres | Sabor y frescura | El Conchel","isPartOf":{"@id":"https:\/\/elconchel.com\/fr\/#website"},"datePublished":"2020-11-26T09:03:07+00:00","dateModified":"2020-11-30T13:54:52+00:00","description":"\u00bfA\u00fan no conoces los mejores productos curados, ahumados y cocidos de El Conchel? Consulta nuestro cat\u00e1logo de productos c\u00e1rnicos SabyFres y desc\u00fabrelos.","breadcrumb":{"@id":"https:\/\/elconchel.com\/fr\/catalogo-sabyfres\/#breadcrumb"},"inLanguage":"fr-FR","potentialAction":[{"@type":"ReadAction","target":["https:\/\/elconchel.com\/fr\/catalogo-sabyfres\/"]}]},{"@type":"BreadcrumbList","@id":"https:\/\/elconchel.com\/fr\/catalogo-sabyfres\/#breadcrumb","itemListElement":[{"@type":"ListItem","position":1,"name":"Inicio","item":"https:\/\/elconchel.com\/fr\/"},{"@type":"ListItem","position":2,"name":"Cat\u00e1logo Sabyfres"}]},{"@type":"WebSite","@id":"https:\/\/elconchel.com\/fr\/#website","url":"https:\/\/elconchel.com\/fr\/","name":"El Conchel","description":"","publisher":{"@id":"https:\/\/elconchel.com\/fr\/#organization"},"potentialAction":[{"@type":"SearchAction","target":{"@type":"EntryPoint","urlTemplate":"https:\/\/elconchel.com\/fr\/?s={search_term_string}"},"query-input":{"@type":"PropertyValueSpecification","valueRequired":true,"valueName":"search_term_string"}}],"inLanguage":"fr-FR"},{"@type":"Organization","@id":"https:\/\/elconchel.com\/fr\/#organization","name":"El Conchel","url":"https:\/\/elconchel.com\/fr\/","logo":{"@type":"ImageObject","inLanguage":"fr-FR","@id":"https:\/\/elconchel.com\/fr\/#\/schema\/logo\/image\/","url":"https:\/\/staging-elconchel.com\/wp-content\/uploads\/2020\/10\/el-conchel-logo-negro.png","contentUrl":"https:\/\/staging-elconchel.com\/wp-content\/uploads\/2020\/10\/el-conchel-logo-negro.png","width":225,"height":55,"caption":"El Conchel"},"image":{"@id":"https:\/\/elconchel.com\/fr\/#\/schema\/logo\/image\/"}}]}},"_links":{"self":[{"href":"https:\/\/elconchel.com\/fr\/wp-json\/wp\/v2\/pages\/7071","targetHints":{"allow":["GET"]}}],"collection":[{"href":"https:\/\/elconchel.com\/fr\/wp-json\/wp\/v2\/pages"}],"about":[{"href":"https:\/\/elconchel.com\/fr\/wp-json\/wp\/v2\/types\/page"}],"author":[{"embeddable":true,"href":"https:\/\/elconchel.com\/fr\/wp-json\/wp\/v2\/users\/1"}],"replies":[{"embeddable":true,"href":"https:\/\/elconchel.com\/fr\/wp-json\/wp\/v2\/comments?post=7071"}],"version-history":[{"count":0,"href":"https:\/\/elconchel.com\/fr\/wp-json\/wp\/v2\/pages\/7071\/revisions"}],"wp:attachment":[{"href":"https:\/\/elconchel.com\/fr\/wp-json\/wp\/v2\/media?parent=7071"}],"curies":[{"name":"wp","href":"https:\/\/api.w.org\/{rel}","templated":true}]}}