{"id":8163,"date":"2020-11-05T12:12:37","date_gmt":"2020-11-05T11:12:37","guid":{"rendered":"https:\/\/elconchel.com\/?page_id=8163"},"modified":"2022-09-30T12:29:57","modified_gmt":"2022-09-30T10:29:57","slug":"philosophie","status":"publish","type":"page","link":"https:\/\/elconchel.com\/fr\/philosophie\/","title":{"rendered":"Philosophie"},"content":{"rendered":"<div class=\"wpb-content-wrapper\"><p>[vc_section el_id=\u00a0\u00bbcontenido\u00a0\u00bb css=\u00a0\u00bb.vc_custom_1604647619942{padding-top: 100px !important;padding-bottom: 30px !important;}\u00a0\u00bb][vc_row css=\u00a0\u00bb.vc_custom_1604579082465{background-position: center !important;background-repeat: no-repeat !important;background-size: cover !important;}\u00a0\u00bb][vc_column][vc_column_text el_class=\u00a0\u00bbfilosofia-frase\u00a0\u00bb]<\/p>\n<h2 class=\"cita\">\u00ab \u00c0 El Conchel, nous sommes le r\u00e9sultat d&rsquo;avoir r\u00e9uni de grands professionnels et d&rsquo;avoir pu construire une philosophie de travail commune \u00bb.<\/h2>\n<p>Antonio Cano G\u00f3mez, CEO.[\/vc_column_text][\/vc_column][\/vc_row][\/vc_section][vc_section css=\u00a0\u00bb.vc_custom_1604599102094{margin-top: 0px !important;margin-bottom: 0px !important;border-bottom-width: 0px !important;padding-top: 100px !important;padding-bottom: 0px !important;}\u00a0\u00bb][vc_row css=\u00a0\u00bb.vc_custom_1604599078187{margin-bottom: 0px !important;border-bottom-width: 0px !important;padding-bottom: 0px !important;}\u00a0\u00bb][vc_column css=\u00a0\u00bb.vc_custom_1604599069753{margin-bottom: 0px !important;border-bottom-width: 0px !important;padding-bottom: 0px !important;}\u00a0\u00bb][vc_column_text el_id=\u00a0\u00bbfilosofia-tabs\u00a0\u00bb]<\/p>\n<div id=\"tab-mostrada\"><\/div>\n<div class=\"tab1\">\n<div class=\"tab-nombre\">NOTRE MISSION<\/div>\n<div class=\"tab-titulo\">Ce que nous sommes<\/div>\n<div class=\"tab-texto\">Nous mettons tout en \u0153uvre pour vous faire vivre des moments uniques autour de la table, afin que vous puissiez profiter de la saveur authentique et du bonheur du partage.<\/div>\n<div class=\"tab-enlaces\"><a class=\"tab-enlace1 redline-bl\">MISSION<\/a><a class=\"tab-enlace2 redline-bl enlace-off\">VISION<\/a><a class=\"tab-enlace3 redline-bl enlace-off\">VALEURS<\/a><\/div>\n<div class=\"tab-detalle\">mission<\/div>\n<\/div>\n<div class=\"tab2\">\n<div class=\"tab-nombre\">NOTRE VISION<\/div>\n<div class=\"tab-titulo\">Ce que nous serons<\/div>\n<div class=\"tab-texto\">\u00catre un exemple pour les nouvelles g\u00e9n\u00e9rations. Responsabilit\u00e9, empathie et g\u00e9n\u00e9rosit\u00e9 pour inspirer les autres \u00e0 cr\u00e9er d&rsquo;excellents produits, innovants et durables.<\/div>\n<div class=\"tab-enlaces\"><a class=\"tab-enlace1 redline-bl enlace-off\">MISSION<\/a><a class=\"tab-enlace2 redline-bl\">VISION<\/a><a class=\"tab-enlace3 redline-bl enlace-off\">VALEURS<\/a><\/div>\n<div class=\"tab-detalle\">vision<\/div>\n<\/div>\n<div class=\"tab3\">\n<div class=\"tab-nombre\">NOS VALEURS<\/div>\n<div class=\"tab-titulo\">Comment allons-nous faire<\/div>\n<div class=\"tab-texto\">Excellence dans nos produits, honn\u00eatet\u00e9 avec les gens, esprit d&rsquo;innovation au quotidien, responsabilit\u00e9 et respect de l&rsquo;environnement et de la soci\u00e9t\u00e9.<\/div>\n<div class=\"tab-enlaces\"><a class=\"tab-enlace1 redline-bl enlace-off\">MISSION<\/a><a class=\"tab-enlace2 redline-bl\">VISION<\/a><a class=\"tab-enlace3 redline-bl enlace-off\">VALEURS<\/a><\/div>\n<div class=\"tab-detalle\">valeurs<\/div>\n<\/div>\n<p>[\/vc_column_text][\/vc_column][\/vc_row][\/vc_section][vc_section css=\u00a0\u00bb.vc_custom_1604599186682{margin-top: 0px !important;border-top-width: 0px !important;background-color: #ececec !important;}\u00a0\u00bb el_id=\u00a0\u00bbfila-gris\u00a0\u00bb][vc_row el_class=\u00a0\u00bbfila-granjas\u00a0\u00bb][vc_column el_id=\u00a0\u00bbcolumna-foto\u00a0\u00bb el_class=\u00a0\u00bbcolumna-foto\u00a0\u00bb][vc_column_text]<\/p>\n<div class=\"recuadroi\">\n<div class=\"recuadroi-imagen\"><img loading=\"lazy\" decoding=\"async\" class=\"alignnone size-full wp-image-4270\" src=\"\/wp-content\/uploads\/2020\/11\/Capa-46.png\" alt=\"\" width=\"402\" height=\"540\" \/><\/div>\n<div class=\"recuadroi-contenido\">\n<div class=\"recuadroi-contenido-texto\">\n<h4>Nous respectons<\/h4>\n<p>Toutes les personnes conformant El Conchel, tous les maillons de la cha\u00eene (fournisseurs et clients), notre entourage et la soci\u00e9t\u00e9, avec ses collectifs les plus d\u00e9favorables. Nous respectons nos valeurs et notre savoir-faire, notre tradition et l&rsquo;essence de nos recettes de toujours, qui sont \u00e0 l&rsquo;origine de qui nous sommes.<\/p>\n<\/div>\n<\/div>\n<\/div>\n<p>[\/vc_column_text][\/vc_column][\/vc_row][vc_row el_class=\u00a0\u00bbfila-granjas\u00a0\u00bb][vc_column el_class=\u00a0\u00bbcolumna-foto\u00a0\u00bb][vc_column_text]<\/p>\n<div class=\"recuadroi recuadrod\">\n<div class=\"recuadroi-contenido\">\n<div class=\"recuadroi-contenido-texto\">\n<h4>Nous croyons<\/h4>\n<p>Dans la valeur de nos gens. En \u00e9tant honn\u00eate et empathique avec nos proches. Dans l&rsquo;effort n\u00e9cessaire pour cr\u00e9er des produits de charcuterie et de viande avec une saveur authentique. Dans l&rsquo;importance d&rsquo;\u00e9couter les besoins de nos clients et dans le travail acharn\u00e9 pour les satisfaire. Nous croyons au projet d&rsquo;\u00eatre chaque jour meilleur, plus responsable, plus durable et plus solidaire.<\/p>\n<\/div>\n<div class=\"recuadroi-contenido-detalle-izquierda\"><img decoding=\"async\" src=\"\/wp-content\/uploads\/2020\/10\/chorizos.png\" alt=\"\" width=\"140\" \/><\/div>\n<\/div>\n<div class=\"recuadroi-imagen\"><img loading=\"lazy\" decoding=\"async\" class=\"alignnone size-full wp-image-4272\" src=\"\/wp-content\/uploads\/2020\/11\/Capa-44.png\" alt=\"\" width=\"401\" height=\"540\" \/><\/div>\n<\/div>\n<p>[\/vc_column_text][\/vc_column][\/vc_row][\/vc_section][vc_section css=\u00a0\u00bb.vc_custom_1600964457549{padding-bottom: 2% !important;background-color: #f2f1f1 !important;}\u00a0\u00bb][vc_row css=\u00a0\u00bb.vc_custom_1605864101842{padding-top: 96px !important;padding-bottom: 140px !important;background-color: #847969 !important;}\u00a0\u00bb][vc_column][vc_column_text]<\/p>\n<h5 class=\"eslogan-calidad\">Nous connaissons le go\u00fbt de la vie<\/h5>\n<p class=\"responsabilidad-descarga\">T\u00e9l\u00e9chargez notre manifeste de marque pour en savoir plus sur la saveur authentique de la vie.<\/p>\n<p><a class=\"redline-bl enlace-beige\" title=\"Descargar Manifiesto\" href=\"\/descargas\/manifiesto-el-conchel.pdf\" target=\"_blank\" rel=\"noopener noreferrer\">T\u00c9L\u00c9CHARGEZ LE MANIFESTE DE LA MARQUE EL CONCHEL<\/a>[\/vc_column_text][\/vc_column][\/vc_row][vc_row content_placement=\u00a0\u00bbtop\u00a0\u00bb el_id=\u00a0\u00bbcalidad-foto\u00a0\u00bb][vc_column][vc_column_text]<img loading=\"lazy\" decoding=\"async\" class=\"size-full wp-image-4273 aligncenter\" src=\"\/wp-content\/uploads\/2020\/11\/Capa-47.png\" alt=\"\" width=\"1179\" height=\"433\" srcset=\"https:\/\/elconchel.com\/wp-content\/uploads\/2020\/11\/Capa-47.png 1179w, https:\/\/elconchel.com\/wp-content\/uploads\/2020\/11\/Capa-47-768x282.png 768w\" sizes=\"auto, (max-width: 1179px) 100vw, 1179px\" \/>[\/vc_column_text][\/vc_column][\/vc_row][\/vc_section]<\/p>\n<\/div>","protected":false},"excerpt":{"rendered":"<p>[vc_section el_id=\u00a0\u00bbcontenido\u00a0\u00bb css=\u00a0\u00bb.vc_custom_1604647619942{padding-top: 100px !important;padding-bottom: 30px !important;}\u00a0\u00bb][vc_row css=\u00a0\u00bb.vc_custom_1604579082465{background-position: center !important;background-repeat: no-repeat !important;background-size: cover !important;}\u00a0\u00bb][vc_column][vc_column_text el_class=\u00a0\u00bbfilosofia-frase\u00a0\u00bb] \u00ab \u00c0 El Conchel, nous sommes le r\u00e9sultat d&rsquo;avoir r\u00e9uni de grands professionnels et d&rsquo;avoir pu construire une philosophie de travail commune \u00bb. Antonio Cano G\u00f3mez, CEO.[\/vc_column_text][\/vc_column][\/vc_row][\/vc_section][vc_section css=\u00a0\u00bb.vc_custom_1604599102094{margin-top: 0px !important;margin-bottom: 0px !important;border-bottom-width: 0px !important;padding-top: 100px !important;padding-bottom: 0px !important;}\u00a0\u00bb][vc_row css=\u00a0\u00bb.vc_custom_1604599078187{margin-bottom: 0px [&hellip;]<\/p>\n","protected":false},"author":1,"featured_media":0,"parent":0,"menu_order":0,"comment_status":"closed","ping_status":"closed","template":"","meta":{"footnotes":""},"class_list":["post-8163","page","type-page","status-publish","hentry"],"yoast_head":"<!-- This site is optimized with the Yoast SEO plugin v24.5 - https:\/\/yoast.com\/wordpress\/plugins\/seo\/ -->\n<title>Philosophie | El Conchel<\/title>\n<meta name=\"robots\" content=\"index, follow, max-snippet:-1, max-image-preview:large, max-video-preview:-1\" \/>\n<link rel=\"canonical\" href=\"https:\/\/elconchel.com\/fr\/philosophie\/\" \/>\n<meta property=\"og:locale\" content=\"fr_FR\" \/>\n<meta property=\"og:type\" content=\"article\" \/>\n<meta property=\"og:title\" content=\"Philosophie | El Conchel\" \/>\n<meta property=\"og:description\" content=\"[vc_section el_id=\u00a0\u00bbcontenido\u00a0\u00bb css=\u00a0\u00bb.vc_custom_1604647619942{padding-top: 100px !important;padding-bottom: 30px !important;}\u00a0\u00bb][vc_row css=\u00a0\u00bb.vc_custom_1604579082465{background-position: center !important;background-repeat: no-repeat !important;background-size: cover !important;}\u00a0\u00bb][vc_column][vc_column_text el_class=\u00a0\u00bbfilosofia-frase\u00a0\u00bb] \u00ab \u00c0 El Conchel, nous sommes le r\u00e9sultat d&rsquo;avoir r\u00e9uni de grands professionnels et d&rsquo;avoir pu construire une philosophie de travail commune \u00bb. Antonio Cano G\u00f3mez, CEO.[\/vc_column_text][\/vc_column][\/vc_row][\/vc_section][vc_section css=\u00a0\u00bb.vc_custom_1604599102094{margin-top: 0px !important;margin-bottom: 0px !important;border-bottom-width: 0px !important;padding-top: 100px !important;padding-bottom: 0px !important;}\u00a0\u00bb][vc_row css=\u00a0\u00bb.vc_custom_1604599078187{margin-bottom: 0px [&hellip;]\" \/>\n<meta property=\"og:url\" content=\"https:\/\/elconchel.com\/fr\/philosophie\/\" \/>\n<meta property=\"og:site_name\" content=\"El Conchel\" \/>\n<meta property=\"article:modified_time\" content=\"2022-09-30T10:29:57+00:00\" \/>\n<meta name=\"twitter:card\" content=\"summary_large_image\" \/>\n<meta name=\"twitter:label1\" content=\"Dur\u00e9e de lecture estim\u00e9e\" \/>\n\t<meta name=\"twitter:data1\" content=\"3 minutes\" \/>\n<script type=\"application\/ld+json\" class=\"yoast-schema-graph\">{\"@context\":\"https:\/\/schema.org\",\"@graph\":[{\"@type\":\"WebPage\",\"@id\":\"https:\/\/elconchel.com\/fr\/philosophie\/\",\"url\":\"https:\/\/elconchel.com\/fr\/philosophie\/\",\"name\":\"Philosophie | El Conchel\",\"isPartOf\":{\"@id\":\"https:\/\/elconchel.com\/fr\/#website\"},\"datePublished\":\"2020-11-05T11:12:37+00:00\",\"dateModified\":\"2022-09-30T10:29:57+00:00\",\"breadcrumb\":{\"@id\":\"https:\/\/elconchel.com\/fr\/philosophie\/#breadcrumb\"},\"inLanguage\":\"fr-FR\",\"potentialAction\":[{\"@type\":\"ReadAction\",\"target\":[\"https:\/\/elconchel.com\/fr\/philosophie\/\"]}]},{\"@type\":\"BreadcrumbList\",\"@id\":\"https:\/\/elconchel.com\/fr\/philosophie\/#breadcrumb\",\"itemListElement\":[{\"@type\":\"ListItem\",\"position\":1,\"name\":\"Inicio\",\"item\":\"https:\/\/elconchel.com\/fr\/\"},{\"@type\":\"ListItem\",\"position\":2,\"name\":\"Philosophie\"}]},{\"@type\":\"WebSite\",\"@id\":\"https:\/\/elconchel.com\/fr\/#website\",\"url\":\"https:\/\/elconchel.com\/fr\/\",\"name\":\"El Conchel\",\"description\":\"\",\"publisher\":{\"@id\":\"https:\/\/elconchel.com\/fr\/#organization\"},\"potentialAction\":[{\"@type\":\"SearchAction\",\"target\":{\"@type\":\"EntryPoint\",\"urlTemplate\":\"https:\/\/elconchel.com\/fr\/?s={search_term_string}\"},\"query-input\":{\"@type\":\"PropertyValueSpecification\",\"valueRequired\":true,\"valueName\":\"search_term_string\"}}],\"inLanguage\":\"fr-FR\"},{\"@type\":\"Organization\",\"@id\":\"https:\/\/elconchel.com\/fr\/#organization\",\"name\":\"El Conchel\",\"url\":\"https:\/\/elconchel.com\/fr\/\",\"logo\":{\"@type\":\"ImageObject\",\"inLanguage\":\"fr-FR\",\"@id\":\"https:\/\/elconchel.com\/fr\/#\/schema\/logo\/image\/\",\"url\":\"https:\/\/staging-elconchel.com\/wp-content\/uploads\/2020\/10\/el-conchel-logo-negro.png\",\"contentUrl\":\"https:\/\/staging-elconchel.com\/wp-content\/uploads\/2020\/10\/el-conchel-logo-negro.png\",\"width\":225,\"height\":55,\"caption\":\"El Conchel\"},\"image\":{\"@id\":\"https:\/\/elconchel.com\/fr\/#\/schema\/logo\/image\/\"}}]}<\/script>\n<!-- \/ Yoast SEO plugin. -->","yoast_head_json":{"title":"Philosophie | El Conchel","robots":{"index":"index","follow":"follow","max-snippet":"max-snippet:-1","max-image-preview":"max-image-preview:large","max-video-preview":"max-video-preview:-1"},"canonical":"https:\/\/elconchel.com\/fr\/philosophie\/","og_locale":"fr_FR","og_type":"article","og_title":"Philosophie | El Conchel","og_description":"[vc_section el_id=\u00a0\u00bbcontenido\u00a0\u00bb css=\u00a0\u00bb.vc_custom_1604647619942{padding-top: 100px !important;padding-bottom: 30px !important;}\u00a0\u00bb][vc_row css=\u00a0\u00bb.vc_custom_1604579082465{background-position: center !important;background-repeat: no-repeat !important;background-size: cover !important;}\u00a0\u00bb][vc_column][vc_column_text el_class=\u00a0\u00bbfilosofia-frase\u00a0\u00bb] \u00ab \u00c0 El Conchel, nous sommes le r\u00e9sultat d&rsquo;avoir r\u00e9uni de grands professionnels et d&rsquo;avoir pu construire une philosophie de travail commune \u00bb. Antonio Cano G\u00f3mez, CEO.[\/vc_column_text][\/vc_column][\/vc_row][\/vc_section][vc_section css=\u00a0\u00bb.vc_custom_1604599102094{margin-top: 0px !important;margin-bottom: 0px !important;border-bottom-width: 0px !important;padding-top: 100px !important;padding-bottom: 0px !important;}\u00a0\u00bb][vc_row css=\u00a0\u00bb.vc_custom_1604599078187{margin-bottom: 0px [&hellip;]","og_url":"https:\/\/elconchel.com\/fr\/philosophie\/","og_site_name":"El Conchel","article_modified_time":"2022-09-30T10:29:57+00:00","twitter_card":"summary_large_image","twitter_misc":{"Dur\u00e9e de lecture estim\u00e9e":"3 minutes"},"schema":{"@context":"https:\/\/schema.org","@graph":[{"@type":"WebPage","@id":"https:\/\/elconchel.com\/fr\/philosophie\/","url":"https:\/\/elconchel.com\/fr\/philosophie\/","name":"Philosophie | El Conchel","isPartOf":{"@id":"https:\/\/elconchel.com\/fr\/#website"},"datePublished":"2020-11-05T11:12:37+00:00","dateModified":"2022-09-30T10:29:57+00:00","breadcrumb":{"@id":"https:\/\/elconchel.com\/fr\/philosophie\/#breadcrumb"},"inLanguage":"fr-FR","potentialAction":[{"@type":"ReadAction","target":["https:\/\/elconchel.com\/fr\/philosophie\/"]}]},{"@type":"BreadcrumbList","@id":"https:\/\/elconchel.com\/fr\/philosophie\/#breadcrumb","itemListElement":[{"@type":"ListItem","position":1,"name":"Inicio","item":"https:\/\/elconchel.com\/fr\/"},{"@type":"ListItem","position":2,"name":"Philosophie"}]},{"@type":"WebSite","@id":"https:\/\/elconchel.com\/fr\/#website","url":"https:\/\/elconchel.com\/fr\/","name":"El Conchel","description":"","publisher":{"@id":"https:\/\/elconchel.com\/fr\/#organization"},"potentialAction":[{"@type":"SearchAction","target":{"@type":"EntryPoint","urlTemplate":"https:\/\/elconchel.com\/fr\/?s={search_term_string}"},"query-input":{"@type":"PropertyValueSpecification","valueRequired":true,"valueName":"search_term_string"}}],"inLanguage":"fr-FR"},{"@type":"Organization","@id":"https:\/\/elconchel.com\/fr\/#organization","name":"El Conchel","url":"https:\/\/elconchel.com\/fr\/","logo":{"@type":"ImageObject","inLanguage":"fr-FR","@id":"https:\/\/elconchel.com\/fr\/#\/schema\/logo\/image\/","url":"https:\/\/staging-elconchel.com\/wp-content\/uploads\/2020\/10\/el-conchel-logo-negro.png","contentUrl":"https:\/\/staging-elconchel.com\/wp-content\/uploads\/2020\/10\/el-conchel-logo-negro.png","width":225,"height":55,"caption":"El Conchel"},"image":{"@id":"https:\/\/elconchel.com\/fr\/#\/schema\/logo\/image\/"}}]}},"_links":{"self":[{"href":"https:\/\/elconchel.com\/fr\/wp-json\/wp\/v2\/pages\/8163","targetHints":{"allow":["GET"]}}],"collection":[{"href":"https:\/\/elconchel.com\/fr\/wp-json\/wp\/v2\/pages"}],"about":[{"href":"https:\/\/elconchel.com\/fr\/wp-json\/wp\/v2\/types\/page"}],"author":[{"embeddable":true,"href":"https:\/\/elconchel.com\/fr\/wp-json\/wp\/v2\/users\/1"}],"replies":[{"embeddable":true,"href":"https:\/\/elconchel.com\/fr\/wp-json\/wp\/v2\/comments?post=8163"}],"version-history":[{"count":0,"href":"https:\/\/elconchel.com\/fr\/wp-json\/wp\/v2\/pages\/8163\/revisions"}],"wp:attachment":[{"href":"https:\/\/elconchel.com\/fr\/wp-json\/wp\/v2\/media?parent=8163"}],"curies":[{"name":"wp","href":"https:\/\/api.w.org\/{rel}","templated":true}]}}