{"id":8171,"date":"2020-09-03T14:22:14","date_gmt":"2020-09-03T12:22:14","guid":{"rendered":"https:\/\/elconchel.com\/?page_id=8171"},"modified":"2022-10-03T13:56:55","modified_gmt":"2022-10-03T11:56:55","slug":"histoire","status":"publish","type":"page","link":"https:\/\/elconchel.com\/fr\/histoire\/","title":{"rendered":"Histoire"},"content":{"rendered":"<div class=\"wpb-content-wrapper\"><p>[vc_section el_id=\u00a0\u00bbcontenido\u00a0\u00bb][vc_row][vc_column][vc_column_text]<\/p>\n<h2 class=\"titulo-principal\">El Conchel, 30 a\u00f1os de Historia<\/h2>\n<p>[\/vc_column_text]<div class=\"wpb_content_element  \">\t\t<div class=\"wpostahs-slider-wrp \" data-conf=\"{&quot;dots&quot;:&quot;true&quot;,&quot;arrows&quot;:&quot;true&quot;,&quot;loop&quot;:&quot;true&quot;,&quot;autoplay&quot;:&quot;true&quot;,&quot;autoplayInterval&quot;:3000,&quot;speed&quot;:300,&quot;fade&quot;:&quot;false&quot;,&quot;rtl&quot;:&quot;false&quot;,&quot;centermode&quot;:&quot;false&quot;,&quot;slidestoshow&quot;:3,&quot;lazyload&quot;:&quot;&quot;}\">\r\n\t\t\t<div class=\"wpostahs-slider wpostahs-slider-inner-wrp wpostahs-slider-design-1\">\r\n\t\t\t\t\n<div id=\"wpostahs-slider-nav-1\" class=\"wpostahs-slider-nav-1 wpostahs-slider-nav wpostahs-slick-slider\" data-slider-nav-for='wpostahs-slider-for-1'>\n\t\n\t\t<div class=\"wpostahs-slider-nav-title\">\n\t\t\t<div class=\"wpostahs-main-title\">\n\t\t\t1978-1991\t\t\t<\/div>\n\t\t<\/div>\n\t\n\t\t<div class=\"wpostahs-slider-nav-title\">\n\t\t\t<div class=\"wpostahs-main-title\">\n\t\t\t1994-1996\t\t\t<\/div>\n\t\t<\/div>\n\t\n\t\t<div class=\"wpostahs-slider-nav-title\">\n\t\t\t<div class=\"wpostahs-main-title\">\n\t\t\t2001-2010\t\t\t<\/div>\n\t\t<\/div>\n\t\n\t\t<div class=\"wpostahs-slider-nav-title\">\n\t\t\t<div class=\"wpostahs-main-title\">\n\t\t\t2012-2017\t\t\t<\/div>\n\t\t<\/div>\n\t\n\t\t<div class=\"wpostahs-slider-nav-title\">\n\t\t\t<div class=\"wpostahs-main-title\">\n\t\t\t2019-2020\t\t\t<\/div>\n\t\t<\/div>\n\t<\/div>\n\n<div class=\"wpostahs-slider-for-1 wpostahs-slider-for wpostahs-slick-slider\">\n\t\t\t<div class=\"wpostahs-slider-nav-content\">\n\t\t\t<h2 class=\"wpostahs-centent-title\">1978-1991<\/h2>\n\t\t\t<div class=\"wpostahs-centent\">\n\t\t\t\t<p style=\"text-align: center;\">La famille se consacre \u00e0 l&rsquo;agriculture et ils d\u00e9cident d&rsquo;ouvrir une petite boucherie \u00e0 El Ballestero pour augmenter leurs revenus. Le temps passe et en 1991, trois de leurs 4 enfants d\u00e9cident de se lancer dans une carri\u00e8re d&rsquo;entrepreneur.<\/p>\n<p style=\"text-align: center;\">El Conchel a ensuite \u00e9t\u00e9 inici\u00e9 en tant que petite usine de seulement 400 m\u00b2, \u00e0 l&rsquo;int\u00e9rieur de laquelle \u00e9taient fabriqu\u00e9s des produits \u00e0 base de viande traditionnels. Produits \u00e9labor\u00e9s et s\u00e9ch\u00e9s pour une client\u00e8le de 20 boucheries de la zone rurale o\u00f9 se trouve El Conchel.<\/p>\n\t\t\t<\/div>\n\t\t<\/div>\n\t\t\t<div class=\"wpostahs-slider-nav-content\">\n\t\t\t<h2 class=\"wpostahs-centent-title\">1994-1996<\/h2>\n\t\t\t<div class=\"wpostahs-centent\">\n\t\t\t\t<p style=\"text-align: center;\">El Conchel entreprend de nouveaux investissements dans les installations et les machines, ce qui nous a permis de devenir la premi\u00e8re usine de viande de la province avec une capacit\u00e9 reconnue \u00e0 commercialiser nos produits dans le contexte du march\u00e9 europ\u00e9en. Un d\u00e9partement commercial a \u00e9t\u00e9 incorpor\u00e9 ainsi que des services de boucherie pour satisfaire la demande de nos clients.<\/p>\n<p style=\"text-align: center;\">En 1996, la croissance de notre portefeuille de clients, a permis la construction de nouvelles installations et l&rsquo;incorporation de nouvelles machines. Le nouvel objectif \u00e9tait de d\u00e9velopper l&rsquo;activit\u00e9 h\u00f4teli\u00e8re en dehors de notre r\u00e9gion, gr\u00e2ce \u00e0 la cr\u00e9ation de nos produits Cuits et Fum\u00e9s.<\/p>\n\t\t\t<\/div>\n\t\t<\/div>\n\t\t\t<div class=\"wpostahs-slider-nav-content\">\n\t\t\t<h2 class=\"wpostahs-centent-title\">2001-2010<\/h2>\n\t\t\t<div class=\"wpostahs-centent\">\n\t\t\t\t<p style=\"text-align: center;\">Des techniques d&#8217;emballage et de conservation de derni\u00e8re g\u00e9n\u00e9ration ont \u00e9t\u00e9 incorpor\u00e9es pour un meilleur traitement de nos produits. En 2005, nous avons \u00e9t\u00e9 pionniers en offrant aux clients, via notre site Web, toutes les informations et caract\u00e9ristiques de nos produits. Aussi, en 2010, notre gamme de produits pr\u00e9cuits a \u00e9t\u00e9 lanc\u00e9e sur le march\u00e9, avec l&rsquo;objectif de soulager et de satisfaire les besoins des consommateurs avec une offre pratique, savoureuse et nutritive. En raison de notre plan d&rsquo;expansion et d&rsquo;internationalisation, El Conchel est devenu El Conchel Original Food S.A.<\/p>\n\t\t\t<\/div>\n\t\t<\/div>\n\t\t\t<div class=\"wpostahs-slider-nav-content\">\n\t\t\t<h2 class=\"wpostahs-centent-title\">2012-2017<\/h2>\n\t\t\t<div class=\"wpostahs-centent\">\n\t\t\t\t<p style=\"text-align: center;\">Apr\u00e8s un long processus de recherche, en 2012, El Conchel \u00e9limine le 100% de gluten de chaque produit, et depuis lors, nous sommes pr\u00e9sents dans la liste FACE (F\u00e9d\u00e9ration espagnole des coeliaques). En 2015, l&rsquo;internationalisation de notre entreprise est devenue une r\u00e9alit\u00e9 avec nos premiers clients internationaux en Angleterre et en Ukraine.<\/p>\n<p style=\"text-align: center;\">En 2017, El Conchel entreprend un processus de restructuration de l&rsquo;entreprise et de son positionnement et se pr\u00e9sente au march\u00e9 avec une nouvelle image.<\/p>\n\t\t\t<\/div>\n\t\t<\/div>\n\t\t\t<div class=\"wpostahs-slider-nav-content\">\n\t\t\t<h2 class=\"wpostahs-centent-title\">2019-2020<\/h2>\n\t\t\t<div class=\"wpostahs-centent\">\n\t\t\t\t<p style=\"text-align: center;\">Au cours de ces derni\u00e8res ann\u00e9es, nous avons mis en place dans notre syst\u00e8me de production, l&rsquo;installation de panneaux photovolta\u00efques. Aujourd&rsquo;hui, 40% de notre consommation \u00e9lectrique totale provient de ressources autosuffisantes.<\/p>\n<p style=\"text-align: center;\">Gr\u00e2ce \u00e0 la recherche constante de nos d\u00e9partements, nous avons cr\u00e9\u00e9 \u00e0 partir de recettes bien ancr\u00e9es, une nouvelle gamme sans allerg\u00e8nes ni additifs artificiels, colorants et conservateurs, \u00e9labor\u00e9e avec les meilleures mati\u00e8res premi\u00e8res. C&rsquo;est ainsi que Linaje, Duroc Singular, a \u00e9t\u00e9 br\u00fbl\u00e9.<\/p>\n<p style=\"text-align: center;\">De plus, nous avons obtenu un certificat \u00e9cologique, visant \u00e0 cr\u00e9er une nouvelle gamme gastronomique \u00e9cologique, de mani\u00e8re durable, en r\u00e9cup\u00e9rant les recettes h\u00e9rit\u00e9es et en contr\u00f4lant de mani\u00e8re exhaustive la commercialisation des mati\u00e8res premi\u00e8res utilis\u00e9es, en \u00e9tant fid\u00e8le \u00e0 la plus pure tradition. C&rsquo;est ainsi qu&rsquo;en 2020 Herencia 1908 se lance sur le march\u00e9.<\/p>\n\t\t\t<\/div>\n\t\t<\/div>\n\t<\/div><!-- #post-## -->\t\t\t<\/div>\r\n\t\t<\/div>\r\n\t\t<\/div>[\/vc_column][\/vc_row][\/vc_section][vc_section css=\u00a0\u00bb.vc_custom_1604407351484{margin-top: 0px !important;border-top-width: 0px !important;background-image: url(https:\/\/elconchel.com\/wp-content\/uploads\/2020\/11\/pueblo.jpg?id=4073) !important;background-position: center !important;background-repeat: no-repeat !important;background-size: cover !important;}\u00a0\u00bb][vc_row][vc_column width=\u00a0\u00bb1\/2&Prime;][vc_column_text]<\/p>\n<div class=\"certificaciones\">\n<h3>El Ballestero, notre<br \/>\norigine, notre maison<\/h3>\n<p>El Ballestero est le lieu qui nous a vu na\u00eetre et o\u00f9 nous avons voulu grandir. Nous sommes fiers de nos origines, de notre charcuterie et nous sommes conscients de notre responsabilit\u00e9 dans l&rsquo;h\u00e9ritage de la tradition. Pour cette raison, nous maintenons le savoir-faire et nous mettons dans chaque produit d&rsquo;El Conchel, un peu de notre ville natale et de l&rsquo;\u00e2me de ses habitants.<\/p>\n<\/div>\n<p>[\/vc_column_text][\/vc_column][vc_column width=\u00a0\u00bb1\/2&Prime;][\/vc_column][\/vc_row][\/vc_section][vc_section css=\u00a0\u00bb.vc_custom_1604481670827{margin-top: -37% !important;padding-right: 40% !important;}\u00a0\u00bb][vc_row][vc_column][vc_column_text]<\/p>\n<div class=\"el-ballestero\"><img loading=\"lazy\" decoding=\"async\" class=\"size-full wp-image-3617 alignright\" src=\"\/wp-content\/uploads\/2020\/10\/el-ballestero.png\" alt=\"El Ballestero\" width=\"390\" height=\"371\" \/><\/div>\n<p>[\/vc_column_text][\/vc_column][\/vc_row][\/vc_section][vc_section css=\u00a0\u00bb.vc_custom_1602591951920{margin-bottom: 0px !important;border-bottom-width: 0px !important;padding-bottom: 0px !important;}\u00a0\u00bb][vc_row el_class=\u00a0\u00bbgeneracion\u00a0\u00bb][vc_column][vc_column_text]<\/p>\n<h3 class=\"titulo-h3\">Nous sommes la quatri\u00e8me g\u00e9n\u00e9ration<\/h3>\n<p style=\"text-align: center;\">En 1908, notre grand-m\u00e8re Sara est n\u00e9e, et avec elle, notre histoire commence. L&rsquo;Espagne rurale de ce moment utilisait l&rsquo;imagination pour survivre aux longs hivers et l&rsquo;abattage annuel \u00e9tait une tradition c\u00e9l\u00e9br\u00e9e chaque automne. De cette coutume, une \u00e9laboration qui permettait de conserver la viande pendant le reste de l&rsquo;ann\u00e9e, est n\u00e9e. C&rsquo;est ainsi que sont n\u00e9es nos premi\u00e8res recettes, ces m\u00eames recettes qui se sont transmises de g\u00e9n\u00e9ration en g\u00e9n\u00e9ration. Aujourd&rsquo;hui, \u00e0 El Conchel, nous sommes la quatri\u00e8me g\u00e9n\u00e9ration et nous maintenons notre fid\u00e9lit\u00e9 \u00e0 la saveur la plus authentique, \u00e0 la tradition et \u00e0 l&rsquo;essence de nos origines.<\/p>\n<p>&nbsp;<\/p>\n<p><img loading=\"lazy\" decoding=\"async\" class=\"aligncenter size-full\" src=\"\/wp-content\/uploads\/2020\/11\/generacion.jpg\" alt=\"generaci\u00f3n\" width=\"746\" height=\"523\" \/>[\/vc_column_text][\/vc_column][\/vc_row][\/vc_section][vc_section css=\u00a0\u00bb.vc_custom_1602604458408{background-color: #ececec !important;}\u00a0\u00bb el_id=\u00a0\u00bbfila-gris\u00a0\u00bb][vc_row el_class=\u00a0\u00bbfila-granjas\u00a0\u00bb el_id=\u00a0\u00bbfila-granjas\u00a0\u00bb][vc_column el_id=\u00a0\u00bbcolumna-foto\u00a0\u00bb el_class=\u00a0\u00bbcolumna-foto\u00a0\u00bb][vc_column_text]<\/p>\n<div class=\"recuadroi\">\n<div class=\"recuadroi-imagen\"><img loading=\"lazy\" decoding=\"async\" class=\"alignnone size-full\" src=\"\/wp-content\/uploads\/2020\/12\/historia-el-conchel.jpg\" alt=\"Tradici\u00f3n e historia de El Conchel\" width=\"400\" height=\"550\" \/><\/div>\n<div class=\"recuadroi-contenido\">\n<div class=\"recuadroi-contenido-texto\">\n<h4>Nous rendons hommage \u00e0 la tradition<\/h4>\n<p>Nous avons h\u00e9rit\u00e9 du savoir-faire et pr\u00e9serv\u00e9 la saveur authentique. L&rsquo;alliance respectueuse de la tradition et de l&rsquo;innovation est notre sceau d&rsquo;identit\u00e9.<\/p>\n<\/div>\n<div class=\"recuadroi-contenido-detalle-derecha\"><img loading=\"lazy\" decoding=\"async\" src=\"\/wp-content\/uploads\/2020\/11\/sello-tradicion.png\" alt=\"Elaboraci\u00f3n tradicional\" width=\"177\" height=\"181\" \/><\/div>\n<\/div>\n<\/div>\n<p>[\/vc_column_text][\/vc_column][\/vc_row][vc_row el_class=\u00a0\u00bbfila-procesos\u00a0\u00bb el_id=\u00a0\u00bbfila-procesos\u00a0\u00bb][vc_column][vc_column_text]<\/p>\n<div class=\"recuadroi recuadrod\">\n<div class=\"recuadroi-contenido\">\n<div class=\"recuadroi-contenido-detalle-izquierda-arriba\"><img decoding=\"async\" src=\"\/wp-content\/uploads\/2020\/11\/embutido.png\" alt=\"Embutido de Elaboraci\u00f3n tradicional\" width=\"180\" \/><\/div>\n<div class=\"recuadroi-contenido-texto\">\n<h4>Nous prenons soin de notre essence<\/h4>\n<p>Nous donnons le meilleur de nous-m\u00eames dans chaque produit, et nous le faisons avec le respect que m\u00e9rite la sagesse de notre village. De ses rues, nous transmettons notre essence caract\u00e9ristique au reste du monde.<\/p>\n<\/div>\n<\/div>\n<div class=\"recuadroi-imagen\"><img decoding=\"async\" class=\"alignnone size-full\" src=\"https:\/\/elconchel.com\/wp-content\/uploads\/2020\/11\/historia.jpg\" alt=\"historia\" width=\"400\" \/><\/div>\n<\/div>\n<p>[\/vc_column_text][\/vc_column][\/vc_row][\/vc_section][vc_section css=\u00a0\u00bb.vc_custom_1600964457549{padding-bottom: 2% !important;background-color: #f2f1f1 !important;}\u00a0\u00bb][vc_row css=\u00a0\u00bb.vc_custom_1600962279519{padding-top: 110px !important;background-color: #847969 !important;}\u00a0\u00bb][vc_column css=\u00a0\u00bb.vc_custom_1605791909314{margin-bottom: 60px !important;}\u00a0\u00bb][vc_column_text]<\/p>\n<h5 class=\"eslogan-calidad\">Tradition et innovation sont r\u00e9unies dans nos processus lents et minutieux pour obtenir la saveur authentique.<\/h5>\n<p>[\/vc_column_text][\/vc_column][\/vc_row][vc_row content_placement=\u00a0\u00bbtop\u00a0\u00bb el_id=\u00a0\u00bbcalidad-foto\u00a0\u00bb][vc_column][vc_column_text]<img loading=\"lazy\" decoding=\"async\" class=\"alignnone size-full wp-image-7638 aligncenter\" src=\"https:\/\/elconchel.com\/wp-content\/uploads\/2020\/11\/Foto-Ok.png\" alt=\"\" width=\"1177\" height=\"433\" srcset=\"https:\/\/elconchel.com\/wp-content\/uploads\/2020\/11\/Foto-Ok.png 1177w, https:\/\/elconchel.com\/wp-content\/uploads\/2020\/11\/Foto-Ok-768x283.png 768w\" sizes=\"auto, (max-width: 1177px) 100vw, 1177px\" \/>[\/vc_column_text][\/vc_column][\/vc_row][\/vc_section]<\/p>\n<\/div>","protected":false},"excerpt":{"rendered":"<p>[vc_section el_id=\u00a0\u00bbcontenido\u00a0\u00bb][vc_row][vc_column][vc_column_text] El Conchel, 30 a\u00f1os de Historia [\/vc_column_text][\/vc_column][\/vc_row][\/vc_section][vc_section css=\u00a0\u00bb.vc_custom_1604407351484{margin-top: 0px !important;border-top-width: 0px !important;background-image: url(https:\/\/elconchel.com\/wp-content\/uploads\/2020\/11\/pueblo.jpg?id=4073) !important;background-position: center !important;background-repeat: no-repeat !important;background-size: cover !important;}\u00a0\u00bb][vc_row][vc_column width=\u00a0\u00bb1\/2&Prime;][vc_column_text] El Ballestero, notre origine, notre maison El Ballestero est le lieu qui nous a vu na\u00eetre et o\u00f9 nous avons voulu grandir. Nous sommes fiers de nos origines, de notre charcuterie et [&hellip;]<\/p>\n","protected":false},"author":1,"featured_media":0,"parent":0,"menu_order":0,"comment_status":"closed","ping_status":"closed","template":"","meta":{"footnotes":""},"class_list":["post-8171","page","type-page","status-publish","hentry"],"yoast_head":"<!-- This site is optimized with the Yoast SEO plugin v24.5 - https:\/\/yoast.com\/wordpress\/plugins\/seo\/ -->\n<title>Histoire | El Conchel<\/title>\n<meta name=\"robots\" content=\"index, follow, max-snippet:-1, max-image-preview:large, max-video-preview:-1\" \/>\n<link rel=\"canonical\" href=\"https:\/\/elconchel.com\/fr\/histoire\/\" \/>\n<meta property=\"og:locale\" content=\"fr_FR\" \/>\n<meta property=\"og:type\" content=\"article\" \/>\n<meta property=\"og:title\" content=\"Histoire | El Conchel\" \/>\n<meta property=\"og:description\" content=\"[vc_section el_id=\u00a0\u00bbcontenido\u00a0\u00bb][vc_row][vc_column][vc_column_text] El Conchel, 30 a\u00f1os de Historia [\/vc_column_text][\/vc_column][\/vc_row][\/vc_section][vc_section css=\u00a0\u00bb.vc_custom_1604407351484{margin-top: 0px !important;border-top-width: 0px !important;background-image: url(https:\/\/elconchel.com\/wp-content\/uploads\/2020\/11\/pueblo.jpg?id=4073) !important;background-position: center !important;background-repeat: no-repeat !important;background-size: cover !important;}\u00a0\u00bb][vc_row][vc_column width=\u00a0\u00bb1\/2&Prime;][vc_column_text] El Ballestero, notre origine, notre maison El Ballestero est le lieu qui nous a vu na\u00eetre et o\u00f9 nous avons voulu grandir. Nous sommes fiers de nos origines, de notre charcuterie et [&hellip;]\" \/>\n<meta property=\"og:url\" content=\"https:\/\/elconchel.com\/fr\/histoire\/\" \/>\n<meta property=\"og:site_name\" content=\"El Conchel\" \/>\n<meta property=\"article:modified_time\" content=\"2022-10-03T11:56:55+00:00\" \/>\n<meta property=\"og:image\" content=\"https:\/\/elconchel.com\/wp-content\/uploads\/2020\/11\/historia.jpg\" \/>\n<meta name=\"twitter:card\" content=\"summary_large_image\" \/>\n<meta name=\"twitter:label1\" content=\"Dur\u00e9e de lecture estim\u00e9e\" \/>\n\t<meta name=\"twitter:data1\" content=\"3 minutes\" \/>\n<script type=\"application\/ld+json\" class=\"yoast-schema-graph\">{\"@context\":\"https:\/\/schema.org\",\"@graph\":[{\"@type\":\"WebPage\",\"@id\":\"https:\/\/elconchel.com\/fr\/histoire\/\",\"url\":\"https:\/\/elconchel.com\/fr\/histoire\/\",\"name\":\"Histoire | El Conchel\",\"isPartOf\":{\"@id\":\"https:\/\/elconchel.com\/fr\/#website\"},\"primaryImageOfPage\":{\"@id\":\"https:\/\/elconchel.com\/fr\/histoire\/#primaryimage\"},\"image\":{\"@id\":\"https:\/\/elconchel.com\/fr\/histoire\/#primaryimage\"},\"thumbnailUrl\":\"https:\/\/elconchel.com\/wp-content\/uploads\/2020\/11\/historia.jpg\",\"datePublished\":\"2020-09-03T12:22:14+00:00\",\"dateModified\":\"2022-10-03T11:56:55+00:00\",\"breadcrumb\":{\"@id\":\"https:\/\/elconchel.com\/fr\/histoire\/#breadcrumb\"},\"inLanguage\":\"fr-FR\",\"potentialAction\":[{\"@type\":\"ReadAction\",\"target\":[\"https:\/\/elconchel.com\/fr\/histoire\/\"]}]},{\"@type\":\"ImageObject\",\"inLanguage\":\"fr-FR\",\"@id\":\"https:\/\/elconchel.com\/fr\/histoire\/#primaryimage\",\"url\":\"https:\/\/elconchel.com\/wp-content\/uploads\/2020\/11\/historia.jpg\",\"contentUrl\":\"https:\/\/elconchel.com\/wp-content\/uploads\/2020\/11\/historia.jpg\"},{\"@type\":\"BreadcrumbList\",\"@id\":\"https:\/\/elconchel.com\/fr\/histoire\/#breadcrumb\",\"itemListElement\":[{\"@type\":\"ListItem\",\"position\":1,\"name\":\"Inicio\",\"item\":\"https:\/\/elconchel.com\/fr\/\"},{\"@type\":\"ListItem\",\"position\":2,\"name\":\"Histoire\"}]},{\"@type\":\"WebSite\",\"@id\":\"https:\/\/elconchel.com\/fr\/#website\",\"url\":\"https:\/\/elconchel.com\/fr\/\",\"name\":\"El Conchel\",\"description\":\"\",\"publisher\":{\"@id\":\"https:\/\/elconchel.com\/fr\/#organization\"},\"potentialAction\":[{\"@type\":\"SearchAction\",\"target\":{\"@type\":\"EntryPoint\",\"urlTemplate\":\"https:\/\/elconchel.com\/fr\/?s={search_term_string}\"},\"query-input\":{\"@type\":\"PropertyValueSpecification\",\"valueRequired\":true,\"valueName\":\"search_term_string\"}}],\"inLanguage\":\"fr-FR\"},{\"@type\":\"Organization\",\"@id\":\"https:\/\/elconchel.com\/fr\/#organization\",\"name\":\"El Conchel\",\"url\":\"https:\/\/elconchel.com\/fr\/\",\"logo\":{\"@type\":\"ImageObject\",\"inLanguage\":\"fr-FR\",\"@id\":\"https:\/\/elconchel.com\/fr\/#\/schema\/logo\/image\/\",\"url\":\"https:\/\/staging-elconchel.com\/wp-content\/uploads\/2020\/10\/el-conchel-logo-negro.png\",\"contentUrl\":\"https:\/\/staging-elconchel.com\/wp-content\/uploads\/2020\/10\/el-conchel-logo-negro.png\",\"width\":225,\"height\":55,\"caption\":\"El Conchel\"},\"image\":{\"@id\":\"https:\/\/elconchel.com\/fr\/#\/schema\/logo\/image\/\"}}]}<\/script>\n<!-- \/ Yoast SEO plugin. -->","yoast_head_json":{"title":"Histoire | El Conchel","robots":{"index":"index","follow":"follow","max-snippet":"max-snippet:-1","max-image-preview":"max-image-preview:large","max-video-preview":"max-video-preview:-1"},"canonical":"https:\/\/elconchel.com\/fr\/histoire\/","og_locale":"fr_FR","og_type":"article","og_title":"Histoire | El Conchel","og_description":"[vc_section el_id=\u00a0\u00bbcontenido\u00a0\u00bb][vc_row][vc_column][vc_column_text] El Conchel, 30 a\u00f1os de Historia [\/vc_column_text][\/vc_column][\/vc_row][\/vc_section][vc_section css=\u00a0\u00bb.vc_custom_1604407351484{margin-top: 0px !important;border-top-width: 0px !important;background-image: url(https:\/\/elconchel.com\/wp-content\/uploads\/2020\/11\/pueblo.jpg?id=4073) !important;background-position: center !important;background-repeat: no-repeat !important;background-size: cover !important;}\u00a0\u00bb][vc_row][vc_column width=\u00a0\u00bb1\/2&Prime;][vc_column_text] El Ballestero, notre origine, notre maison El Ballestero est le lieu qui nous a vu na\u00eetre et o\u00f9 nous avons voulu grandir. Nous sommes fiers de nos origines, de notre charcuterie et [&hellip;]","og_url":"https:\/\/elconchel.com\/fr\/histoire\/","og_site_name":"El Conchel","article_modified_time":"2022-10-03T11:56:55+00:00","og_image":[{"url":"https:\/\/elconchel.com\/wp-content\/uploads\/2020\/11\/historia.jpg","type":"","width":"","height":""}],"twitter_card":"summary_large_image","twitter_misc":{"Dur\u00e9e de lecture estim\u00e9e":"3 minutes"},"schema":{"@context":"https:\/\/schema.org","@graph":[{"@type":"WebPage","@id":"https:\/\/elconchel.com\/fr\/histoire\/","url":"https:\/\/elconchel.com\/fr\/histoire\/","name":"Histoire | El Conchel","isPartOf":{"@id":"https:\/\/elconchel.com\/fr\/#website"},"primaryImageOfPage":{"@id":"https:\/\/elconchel.com\/fr\/histoire\/#primaryimage"},"image":{"@id":"https:\/\/elconchel.com\/fr\/histoire\/#primaryimage"},"thumbnailUrl":"https:\/\/elconchel.com\/wp-content\/uploads\/2020\/11\/historia.jpg","datePublished":"2020-09-03T12:22:14+00:00","dateModified":"2022-10-03T11:56:55+00:00","breadcrumb":{"@id":"https:\/\/elconchel.com\/fr\/histoire\/#breadcrumb"},"inLanguage":"fr-FR","potentialAction":[{"@type":"ReadAction","target":["https:\/\/elconchel.com\/fr\/histoire\/"]}]},{"@type":"ImageObject","inLanguage":"fr-FR","@id":"https:\/\/elconchel.com\/fr\/histoire\/#primaryimage","url":"https:\/\/elconchel.com\/wp-content\/uploads\/2020\/11\/historia.jpg","contentUrl":"https:\/\/elconchel.com\/wp-content\/uploads\/2020\/11\/historia.jpg"},{"@type":"BreadcrumbList","@id":"https:\/\/elconchel.com\/fr\/histoire\/#breadcrumb","itemListElement":[{"@type":"ListItem","position":1,"name":"Inicio","item":"https:\/\/elconchel.com\/fr\/"},{"@type":"ListItem","position":2,"name":"Histoire"}]},{"@type":"WebSite","@id":"https:\/\/elconchel.com\/fr\/#website","url":"https:\/\/elconchel.com\/fr\/","name":"El Conchel","description":"","publisher":{"@id":"https:\/\/elconchel.com\/fr\/#organization"},"potentialAction":[{"@type":"SearchAction","target":{"@type":"EntryPoint","urlTemplate":"https:\/\/elconchel.com\/fr\/?s={search_term_string}"},"query-input":{"@type":"PropertyValueSpecification","valueRequired":true,"valueName":"search_term_string"}}],"inLanguage":"fr-FR"},{"@type":"Organization","@id":"https:\/\/elconchel.com\/fr\/#organization","name":"El Conchel","url":"https:\/\/elconchel.com\/fr\/","logo":{"@type":"ImageObject","inLanguage":"fr-FR","@id":"https:\/\/elconchel.com\/fr\/#\/schema\/logo\/image\/","url":"https:\/\/staging-elconchel.com\/wp-content\/uploads\/2020\/10\/el-conchel-logo-negro.png","contentUrl":"https:\/\/staging-elconchel.com\/wp-content\/uploads\/2020\/10\/el-conchel-logo-negro.png","width":225,"height":55,"caption":"El Conchel"},"image":{"@id":"https:\/\/elconchel.com\/fr\/#\/schema\/logo\/image\/"}}]}},"_links":{"self":[{"href":"https:\/\/elconchel.com\/fr\/wp-json\/wp\/v2\/pages\/8171","targetHints":{"allow":["GET"]}}],"collection":[{"href":"https:\/\/elconchel.com\/fr\/wp-json\/wp\/v2\/pages"}],"about":[{"href":"https:\/\/elconchel.com\/fr\/wp-json\/wp\/v2\/types\/page"}],"author":[{"embeddable":true,"href":"https:\/\/elconchel.com\/fr\/wp-json\/wp\/v2\/users\/1"}],"replies":[{"embeddable":true,"href":"https:\/\/elconchel.com\/fr\/wp-json\/wp\/v2\/comments?post=8171"}],"version-history":[{"count":0,"href":"https:\/\/elconchel.com\/fr\/wp-json\/wp\/v2\/pages\/8171\/revisions"}],"wp:attachment":[{"href":"https:\/\/elconchel.com\/fr\/wp-json\/wp\/v2\/media?parent=8171"}],"curies":[{"name":"wp","href":"https:\/\/api.w.org\/{rel}","templated":true}]}}