{"id":8174,"date":"2020-09-03T14:22:10","date_gmt":"2020-09-03T12:22:10","guid":{"rendered":"https:\/\/elconchel.com\/?page_id=8174"},"modified":"2022-10-05T10:14:00","modified_gmt":"2022-10-05T08:14:00","slug":"groupe","status":"publish","type":"page","link":"https:\/\/elconchel.com\/fr\/groupe\/","title":{"rendered":"Groupe"},"content":{"rendered":"<div class=\"wpb-content-wrapper\"><p>[vc_section el_id=\u00a0\u00bbcontenido\u00a0\u00bb css=\u00a0\u00bb.vc_custom_1603266456998{padding-top: 100px !important;}\u00a0\u00bb][vc_row][vc_column][vc_column_text el_class=\u00a0\u00bbgrupo-frase\u00a0\u00bb]<\/p>\n<h2 class=\"titulo-principal\" style=\"text-align: center;\">Le groupe El Conchel propose des solutions adapt\u00e9es \u00e0 vos besoins<\/h2>\n<p>&nbsp;<\/p>\n<p class=\"grupo-subtitulo\" style=\"text-align: center;\">Apprenez \u00e0 nous conna\u00eetre et nous mettrons \u00e0 votre disposition toute notre capacit\u00e9 et nos services pour l&rsquo;industrie alimentaire.<\/p>\n<p>[\/vc_column_text][\/vc_column][\/vc_row][\/vc_section][vc_section][vc_row][vc_column width=\u00a0\u00bb1\/3&Prime; css=\u00a0\u00bb.vc_custom_1606211427222{margin-top: 0px !important;margin-bottom: 0px !important;border-top-width: 0px !important;border-bottom-width: 0px !important;padding-top: 0px !important;padding-bottom: 0px !important;}\u00a0\u00bb][vc_column_text]<\/p>\n<div id=\"grupo-marca-conchel\" class=\"grupo-marca\" style=\"text-align: center;\">\n<p><img loading=\"lazy\" decoding=\"async\" class=\"aligncenter size-full\" src=\"https:\/\/elconchel.com\/wp-content\/uploads\/2020\/10\/el-conchel-negro.png\" alt=\"El Conchel - Original Food\" width=\"193\" height=\"84\" \/><\/p>\n<p class=\"grupo\">Tradition et innovation combin\u00e9es.<\/p>\n<\/div>\n<p>[\/vc_column_text][\/vc_column][vc_column width=\u00a0\u00bb1\/3&Prime;][vc_column_text]<\/p>\n<div id=\"grupo-marca-dgusto\" class=\"grupo-marca\" style=\"text-align: center;\">\n<p><img loading=\"lazy\" decoding=\"async\" class=\"aligncenter size-full\" src=\"https:\/\/elconchel.com\/wp-content\/uploads\/2020\/10\/d-gusto-negro.png\" alt=\"d'gusto\" width=\"176\" height=\"84\" \/><\/p>\n<p class=\"grupo\">Ax\u00e9 sur la petit restauration et la petit distribution au d\u00e9tail.<\/p>\n<\/div>\n<p>[\/vc_column_text][\/vc_column][vc_column width=\u00a0\u00bb1\/3&Prime;][vc_column_text]<\/p>\n<div id=\"grupo-marca-logistics\" class=\"grupo-marca\" style=\"text-align: center;\">\n<p><img loading=\"lazy\" decoding=\"async\" class=\"aligncenter size-full\" src=\"https:\/\/elconchel.com\/wp-content\/uploads\/2020\/10\/logistics-negro.png\" alt=\"Logistics\" width=\"213\" height=\"84\" \/><\/p>\n<p class=\"grupo\">Services logistiques.<\/p>\n<\/div>\n<p>[\/vc_column_text][\/vc_column][\/vc_row][\/vc_section][vc_section css=\u00a0\u00bb.vc_custom_1602604458408{background-color: #ececec !important;}\u00a0\u00bb el_id=\u00a0\u00bbfila-gris\u00a0\u00bb][vc_row el_class=\u00a0\u00bbfila-bloquei\u00a0\u00bb el_id=\u00a0\u00bbbloque-conchel\u00a0\u00bb][vc_column el_id=\u00a0\u00bbcolumna-foto\u00a0\u00bb el_class=\u00a0\u00bbcolumna-foto\u00a0\u00bb][vc_column_text]<\/p>\n<div class=\"recuadroi\">\n<div class=\"recuadroi-imagen\"><img loading=\"lazy\" decoding=\"async\" class=\"alignnone size-full wp-image-4721\" src=\"\/wp-content\/uploads\/2020\/11\/el-conchel-fabrica.jpg\" alt=\"El Conchel - F\u00e1brica de embutidos\" width=\"402\" height=\"540\" \/><\/div>\n<div class=\"recuadroi-contenido\">\n<div class=\"recuadroi-contenido-logo\"><img loading=\"lazy\" decoding=\"async\" class=\"aligncenter size-full\" src=\"\/wp-content\/uploads\/2020\/10\/el-conchel-logo-negro.png\" alt=\"El Conchel - Original Food\" width=\"225\" height=\"55\" \/><\/div>\n<div class=\"recuadroi-contenido-texto\">El Conchel est une entreprise familiale de charcuterie, \u00e9labor\u00e9e avec des recettes traditionnelles \u00e0 partir des meilleures mati\u00e8res premi\u00e8res. El Conchel dispose d&rsquo;un large portefeuille de produits, qui s&rsquo;adresse au march\u00e9 de la restauration et de la distribution au d\u00e9tail sur le march\u00e9 national et international.<\/div>\n<div class=\"recuadroi-contenido-enlaces\"><a class=\"redline-bl\" title=\"ver productos de El Conchel\" href=\"\/productos\">DES PRODUITS<\/a> <a class=\"redline-bl contactar-js\" title=\"Contactar con El Conchel\">CONTACT<\/a><\/div>\n<div class=\"recuadroi-contenido-detalle-derecha\"><img loading=\"lazy\" decoding=\"async\" src=\"\/wp-content\/uploads\/2020\/10\/salchichon-mini.png\" alt=\"Salchich\u00f3n mini\" width=\"181\" height=\"121\" \/><\/div>\n<\/div>\n<\/div>\n<p>[\/vc_column_text][\/vc_column][\/vc_row][vc_row el_class=\u00a0\u00bbfila-bloqued\u00a0\u00bb el_id=\u00a0\u00bbbloque-dgusto\u00a0\u00bb][vc_column][vc_column_text]<\/p>\n<div class=\"recuadroi recuadrod\">\n<div class=\"recuadroi-contenido\">\n<div class=\"recuadroi-contenido-logo\"><img loading=\"lazy\" decoding=\"async\" class=\"aligncenter\" src=\"\/wp-content\/uploads\/2020\/10\/d-gusto.png\" alt=\"d'gusto Soluciones a tu medida\" width=\"214\" height=\"103\" \/><\/div>\n<div class=\"recuadroi-contenido-texto\">D\u00b4gusto compl\u00e8te le portefeuille El Conchel avec des produits \u00e0 valeur ajout\u00e9e dans diff\u00e9rentes cat\u00e9gories, pour proportionner le service sp\u00e9cifiquement dans les march\u00e9s traditionnels de la vente au d\u00e9tail et de la restauration de notre r\u00e9gion, gr\u00e2ce \u00e0 notre vaste r\u00e9seau commercial.<\/div>\n<div class=\"recuadroi-contenido-enlaces\"><a class=\"redline-bl contactar-js\" href=\"\/wp-content\/uploads\/2021\/03\/CATALOGO-DGUSTO_compressed-comprimido.pdf\">CATALOGUE<\/a> <a class=\"redline-bl contactar-js\" title=\"Contactar con d'gusto\">CONTACT<\/a><\/div>\n<\/div>\n<div class=\"recuadroi-imagen\"><img loading=\"lazy\" decoding=\"async\" class=\"alignnone size-full wp-image-4723\" src=\"\/wp-content\/uploads\/2020\/11\/soluciones-hosteleria.jpg\" alt=\"soluciones hosteler\u00eda\" width=\"399\" height=\"539\" \/><\/div>\n<\/div>\n<p>[\/vc_column_text][\/vc_column][\/vc_row][vc_row el_class=\u00a0\u00bbfila-bloquei\u00a0\u00bb el_id=\u00a0\u00bbbloque-logistics\u00a0\u00bb][vc_column el_class=\u00a0\u00bbcolumna-foto\u00a0\u00bb][vc_column_text]<\/p>\n<div class=\"recuadroi\">\n<div class=\"recuadroi-imagen\"><img loading=\"lazy\" decoding=\"async\" class=\"alignnone size-full wp-image-4722\" src=\"\/wp-content\/uploads\/2020\/11\/servicio-logistica.jpg\" alt=\"Servicio de log\u00edstica\" width=\"402\" height=\"540\" \/><\/div>\n<div class=\"recuadroi-contenido\">\n<div class=\"recuadroi-contenido-logo\"><img loading=\"lazy\" decoding=\"async\" class=\"aligncenter size-full\" src=\"\/wp-content\/uploads\/2020\/10\/logistics.png\" alt=\"logistics\" width=\"258\" height=\"72\" \/><\/div>\n<div class=\"recuadroi-contenido-texto\">Logistics est un service logistique pour les entreprises alimentaires. Profitant de notre r\u00e9seau de transport efficace pour le reste de nos produits, nous optimisons l&rsquo;efficacit\u00e9 et les co\u00fbts de nos entreprises qui souhaitent op\u00e9rer dans notre zone d&rsquo;intervention.<\/div>\n<div class=\"recuadroi-contenido-enlaces\"><a class=\"redline-bl contactar-js\" title=\"Contactar con Logistics\">CONTACT<\/a><\/div>\n<\/div>\n<\/div>\n<p>[\/vc_column_text][\/vc_column][\/vc_row][\/vc_section][vc_section css=\u00a0\u00bb.vc_custom_1605781956018{background-color: #f2f1f1 !important;}\u00a0\u00bb][vc_row css=\u00a0\u00bb.vc_custom_1603278845661{padding-top: 110px !important;padding-bottom: 300px !important;background-color: #847969 !important;}\u00a0\u00bb el_id=\u00a0\u00bbformulario-contacto\u00a0\u00bb][vc_column][vc_column_text]<\/p>\n<h5 class=\"eslogan-calidad eslogan-grupo\">Nous sommes l\u00e0 pour r\u00e9soudre vos doutes.<br \/>\nRemplissez le formulaire et nous vous r\u00e9pondrons dans les plus brefs d\u00e9lais.<\/h5>\n<p>[\/vc_column_text][\/vc_column][\/vc_row][vc_row content_placement=\u00a0\u00bbtop\u00a0\u00bb el_id=\u00a0\u00bbgrupo-formulario\u00a0\u00bb][vc_column]<div id=\"ut_cf7_colors_69f072a8c74ab\" class=\"wpb_content_element  \">\n<div class=\"wpcf7 no-js\" id=\"wpcf7-f8490-o1\" lang=\"fr-FR\" dir=\"ltr\">\n<div class=\"screen-reader-response\"><p role=\"status\" aria-live=\"polite\" aria-atomic=\"true\"><\/p> <ul><\/ul><\/div>\n<form action=\"\/fr\/wp-json\/wp\/v2\/pages\/8174#wpcf7-f8490-o1\" method=\"post\" class=\"wpcf7-form init\" aria-label=\"Formulaire de contact\" novalidate=\"novalidate\" data-status=\"init\">\n<div style=\"display: none;\">\n<input type=\"hidden\" name=\"_wpcf7\" value=\"8490\" \/>\n<input type=\"hidden\" name=\"_wpcf7_version\" value=\"5.9.5\" \/>\n<input type=\"hidden\" name=\"_wpcf7_locale\" value=\"fr_FR\" \/>\n<input type=\"hidden\" name=\"_wpcf7_unit_tag\" value=\"wpcf7-f8490-o1\" \/>\n<input type=\"hidden\" name=\"_wpcf7_container_post\" value=\"0\" \/>\n<input type=\"hidden\" name=\"_wpcf7_posted_data_hash\" value=\"\" \/>\n<input type=\"hidden\" name=\"_wpcf7_recaptcha_response\" value=\"\" \/>\n<\/div>\n<div class=\"formulario-contacto\">\n<label>QUELLE EST LA RAISON DE VOTRE CONSULTATION ? S\u00c9LECTIONNEZ UNE OPTION <span class=\"obligatorio\">*<\/span>\n<span class=\"wpcf7-form-control-wrap\" data-name=\"menu-982\"><select class=\"wpcf7-form-control wpcf7-select wpcf7-validates-as-required\" aria-required=\"true\" aria-invalid=\"false\" name=\"menu-982\"><option value=\"Deseo conocer m\u00e1s sobre los productos de El Conchel.\">Deseo conocer m\u00e1s sobre los productos de El Conchel.<\/option><option value=\"Necesito saber si D\u00b4GUSTO tiene la soluci\u00f3n que estoy buscando.\">Necesito saber si D\u00b4GUSTO tiene la soluci\u00f3n que estoy buscando.<\/option><option value=\"Quiero averiguar si ELCONCHEL Logistics es el operador que necesito.\">Quiero averiguar si ELCONCHEL Logistics es el operador que necesito.<\/option><option value=\"No estoy seguro, cont\u00e1ctame para averiguarlo.\">No estoy seguro, cont\u00e1ctame para averiguarlo.<\/option><\/select><\/span><\/label>\n\n<label>NOM COMPLET <span class=\"obligatorio\">*<\/span>\n    <span class=\"wpcf7-form-control-wrap\" data-name=\"your-name\"><input size=\"40\" class=\"wpcf7-form-control wpcf7-text wpcf7-validates-as-required\" aria-required=\"true\" aria-invalid=\"false\" value=\"\" type=\"text\" name=\"your-name\" \/><\/span> <\/label>\n\n<label>ENTREPRISE <span class=\"obligatorio\">*<\/span>\n    <span class=\"wpcf7-form-control-wrap\" data-name=\"text-empresa\"><input size=\"40\" class=\"wpcf7-form-control wpcf7-text wpcf7-validates-as-required\" aria-required=\"true\" aria-invalid=\"false\" value=\"\" type=\"text\" name=\"text-empresa\" \/><\/span> <\/label>\n\n<label>NUM\u00c9RO DE T\u00c9L\u00c9PHONE DU CONTACT\n    <span class=\"wpcf7-form-control-wrap\" data-name=\"tel-636\"><input size=\"40\" class=\"wpcf7-form-control wpcf7-tel wpcf7-text wpcf7-validates-as-tel\" aria-invalid=\"false\" value=\"\" type=\"tel\" name=\"tel-636\" \/><\/span> <\/label>\n\n<label>COURRIEL DE CONTACT <span class=\"obligatorio\">*<\/span>\n    <span class=\"wpcf7-form-control-wrap\" data-name=\"your-email\"><input size=\"40\" class=\"wpcf7-form-control wpcf7-email wpcf7-validates-as-required wpcf7-text wpcf7-validates-as-email\" aria-required=\"true\" aria-invalid=\"false\" value=\"\" type=\"email\" name=\"your-email\" \/><\/span> <\/label>\n\n<label>VILLE <span class=\"obligatorio\">*<\/span>\n    <span class=\"wpcf7-form-control-wrap\" data-name=\"text-poblacion\"><input size=\"40\" class=\"wpcf7-form-control wpcf7-text wpcf7-validates-as-required\" aria-required=\"true\" aria-invalid=\"false\" value=\"\" type=\"text\" name=\"text-poblacion\" \/><\/span> <\/label>\n\n<label>D\u00c9PARTEMENT <span class=\"obligatorio\">*<\/span>\n    <span class=\"wpcf7-form-control-wrap\" data-name=\"text-provincia\"><input size=\"40\" class=\"wpcf7-form-control wpcf7-text wpcf7-validates-as-required\" aria-required=\"true\" aria-invalid=\"false\" value=\"\" type=\"text\" name=\"text-provincia\" \/><\/span> <\/label>\n\n<label>AVEZ-VOUS UN COMMENTAIRE?\n    <span class=\"wpcf7-form-control-wrap\" data-name=\"your-message\"><textarea cols=\"40\" rows=\"10\" class=\"wpcf7-form-control wpcf7-textarea\" aria-invalid=\"false\" name=\"your-message\"><\/textarea><\/span> <\/label>\n\n<label><span class=\"wpcf7-form-control-wrap\" data-name=\"acceptance-129\"><span class=\"wpcf7-form-control wpcf7-acceptance\"><span class=\"wpcf7-list-item\"><label><input type=\"checkbox\" name=\"acceptance-129\" value=\"1\" aria-invalid=\"false\" \/><span class=\"wpcf7-list-item-label\">J'ai lu et j'accepte la <a href=\"\/politica-de-privacidad\" target=\"_blank\">Politique de confidentialit\u00e9<\/a><\/span><\/label><\/span><\/span><\/span><\/label>\n<label><span class=\"wpcf7-form-control-wrap\" data-name=\"acceptance-933\"><span class=\"wpcf7-form-control wpcf7-acceptance optional\"><span class=\"wpcf7-list-item\"><label><input type=\"checkbox\" name=\"acceptance-933\" value=\"1\" aria-invalid=\"false\" \/><span class=\"wpcf7-list-item-label\">J'accepte de recevoir des informations nouvelles et commerciales.<\/span><\/label><\/span><\/span><\/span><\/label>\n<div class=\"recaptcha\">\n\n<\/div>\n<input class=\"wpcf7-form-control wpcf7-submit has-spinner\" type=\"submit\" value=\"Envoyer\" \/>\n<\/div><p style=\"display: none !important;\" class=\"akismet-fields-container\" data-prefix=\"_wpcf7_ak_\"><label>&#916;<textarea name=\"_wpcf7_ak_hp_textarea\" cols=\"45\" rows=\"8\" maxlength=\"100\"><\/textarea><\/label><input type=\"hidden\" id=\"ak_js_1\" name=\"_wpcf7_ak_js\" value=\"117\"\/><script>document.getElementById( \"ak_js_1\" ).setAttribute( \"value\", ( new Date() ).getTime() );<\/script><\/p><div class=\"wpcf7-response-output\" aria-hidden=\"true\"><\/div>\n<\/form>\n<\/div>\n<\/div>[vc_column_text]<\/p>\n<div class=\"imagen-chorizos\"><img loading=\"lazy\" decoding=\"async\" class=\"alignnone size-full\" src=\"https:\/\/elconchel.com\/wp-content\/uploads\/2020\/10\/chorizos.png\" alt=\"\" width=\"169\" height=\"242\" \/><\/div>\n<p>[\/vc_column_text][\/vc_column][\/vc_row][\/vc_section]<\/p>\n<\/div>","protected":false},"excerpt":{"rendered":"<p>[vc_section el_id=\u00a0\u00bbcontenido\u00a0\u00bb css=\u00a0\u00bb.vc_custom_1603266456998{padding-top: 100px !important;}\u00a0\u00bb][vc_row][vc_column][vc_column_text el_class=\u00a0\u00bbgrupo-frase\u00a0\u00bb] Le groupe El Conchel propose des solutions adapt\u00e9es \u00e0 vos besoins &nbsp; Apprenez \u00e0 nous conna\u00eetre et nous mettrons \u00e0 votre disposition toute notre capacit\u00e9 et nos services pour l&rsquo;industrie alimentaire. [\/vc_column_text][\/vc_column][\/vc_row][\/vc_section][vc_section][vc_row][vc_column width=\u00a0\u00bb1\/3&Prime; css=\u00a0\u00bb.vc_custom_1606211427222{margin-top: 0px !important;margin-bottom: 0px !important;border-top-width: 0px !important;border-bottom-width: 0px !important;padding-top: 0px !important;padding-bottom: 0px !important;}\u00a0\u00bb][vc_column_text] Tradition et innovation [&hellip;]<\/p>\n","protected":false},"author":1,"featured_media":0,"parent":0,"menu_order":0,"comment_status":"closed","ping_status":"closed","template":"","meta":{"footnotes":""},"class_list":["post-8174","page","type-page","status-publish","hentry"],"yoast_head":"<!-- This site is optimized with the Yoast SEO plugin v24.5 - https:\/\/yoast.com\/wordpress\/plugins\/seo\/ -->\n<title>Groupe | El Conchel<\/title>\n<meta name=\"robots\" content=\"index, follow, max-snippet:-1, max-image-preview:large, max-video-preview:-1\" \/>\n<link rel=\"canonical\" href=\"https:\/\/elconchel.com\/fr\/groupe\/\" \/>\n<meta property=\"og:locale\" content=\"fr_FR\" \/>\n<meta property=\"og:type\" content=\"article\" \/>\n<meta property=\"og:title\" content=\"Groupe | El Conchel\" \/>\n<meta property=\"og:description\" content=\"[vc_section el_id=\u00a0\u00bbcontenido\u00a0\u00bb css=\u00a0\u00bb.vc_custom_1603266456998{padding-top: 100px !important;}\u00a0\u00bb][vc_row][vc_column][vc_column_text el_class=\u00a0\u00bbgrupo-frase\u00a0\u00bb] Le groupe El Conchel propose des solutions adapt\u00e9es \u00e0 vos besoins &nbsp; Apprenez \u00e0 nous conna\u00eetre et nous mettrons \u00e0 votre disposition toute notre capacit\u00e9 et nos services pour l&rsquo;industrie alimentaire. [\/vc_column_text][\/vc_column][\/vc_row][\/vc_section][vc_section][vc_row][vc_column width=\u00a0\u00bb1\/3&Prime; css=\u00a0\u00bb.vc_custom_1606211427222{margin-top: 0px !important;margin-bottom: 0px !important;border-top-width: 0px !important;border-bottom-width: 0px !important;padding-top: 0px !important;padding-bottom: 0px !important;}\u00a0\u00bb][vc_column_text] Tradition et innovation [&hellip;]\" \/>\n<meta property=\"og:url\" content=\"https:\/\/elconchel.com\/fr\/groupe\/\" \/>\n<meta property=\"og:site_name\" content=\"El Conchel\" \/>\n<meta property=\"article:modified_time\" content=\"2022-10-05T08:14:00+00:00\" \/>\n<meta property=\"og:image\" content=\"https:\/\/elconchel.com\/wp-content\/uploads\/2020\/10\/el-conchel-negro.png\" \/>\n<meta name=\"twitter:card\" content=\"summary_large_image\" \/>\n<meta name=\"twitter:label1\" content=\"Dur\u00e9e de lecture estim\u00e9e\" \/>\n\t<meta name=\"twitter:data1\" content=\"4 minutes\" \/>\n<script type=\"application\/ld+json\" class=\"yoast-schema-graph\">{\"@context\":\"https:\/\/schema.org\",\"@graph\":[{\"@type\":\"WebPage\",\"@id\":\"https:\/\/elconchel.com\/fr\/groupe\/\",\"url\":\"https:\/\/elconchel.com\/fr\/groupe\/\",\"name\":\"Groupe | El Conchel\",\"isPartOf\":{\"@id\":\"https:\/\/elconchel.com\/fr\/#website\"},\"primaryImageOfPage\":{\"@id\":\"https:\/\/elconchel.com\/fr\/groupe\/#primaryimage\"},\"image\":{\"@id\":\"https:\/\/elconchel.com\/fr\/groupe\/#primaryimage\"},\"thumbnailUrl\":\"https:\/\/elconchel.com\/wp-content\/uploads\/2020\/10\/el-conchel-negro.png\",\"datePublished\":\"2020-09-03T12:22:10+00:00\",\"dateModified\":\"2022-10-05T08:14:00+00:00\",\"breadcrumb\":{\"@id\":\"https:\/\/elconchel.com\/fr\/groupe\/#breadcrumb\"},\"inLanguage\":\"fr-FR\",\"potentialAction\":[{\"@type\":\"ReadAction\",\"target\":[\"https:\/\/elconchel.com\/fr\/groupe\/\"]}]},{\"@type\":\"ImageObject\",\"inLanguage\":\"fr-FR\",\"@id\":\"https:\/\/elconchel.com\/fr\/groupe\/#primaryimage\",\"url\":\"https:\/\/elconchel.com\/wp-content\/uploads\/2020\/10\/el-conchel-negro.png\",\"contentUrl\":\"https:\/\/elconchel.com\/wp-content\/uploads\/2020\/10\/el-conchel-negro.png\"},{\"@type\":\"BreadcrumbList\",\"@id\":\"https:\/\/elconchel.com\/fr\/groupe\/#breadcrumb\",\"itemListElement\":[{\"@type\":\"ListItem\",\"position\":1,\"name\":\"Inicio\",\"item\":\"https:\/\/elconchel.com\/fr\/\"},{\"@type\":\"ListItem\",\"position\":2,\"name\":\"Groupe\"}]},{\"@type\":\"WebSite\",\"@id\":\"https:\/\/elconchel.com\/fr\/#website\",\"url\":\"https:\/\/elconchel.com\/fr\/\",\"name\":\"El Conchel\",\"description\":\"\",\"publisher\":{\"@id\":\"https:\/\/elconchel.com\/fr\/#organization\"},\"potentialAction\":[{\"@type\":\"SearchAction\",\"target\":{\"@type\":\"EntryPoint\",\"urlTemplate\":\"https:\/\/elconchel.com\/fr\/?s={search_term_string}\"},\"query-input\":{\"@type\":\"PropertyValueSpecification\",\"valueRequired\":true,\"valueName\":\"search_term_string\"}}],\"inLanguage\":\"fr-FR\"},{\"@type\":\"Organization\",\"@id\":\"https:\/\/elconchel.com\/fr\/#organization\",\"name\":\"El Conchel\",\"url\":\"https:\/\/elconchel.com\/fr\/\",\"logo\":{\"@type\":\"ImageObject\",\"inLanguage\":\"fr-FR\",\"@id\":\"https:\/\/elconchel.com\/fr\/#\/schema\/logo\/image\/\",\"url\":\"https:\/\/staging-elconchel.com\/wp-content\/uploads\/2020\/10\/el-conchel-logo-negro.png\",\"contentUrl\":\"https:\/\/staging-elconchel.com\/wp-content\/uploads\/2020\/10\/el-conchel-logo-negro.png\",\"width\":225,\"height\":55,\"caption\":\"El Conchel\"},\"image\":{\"@id\":\"https:\/\/elconchel.com\/fr\/#\/schema\/logo\/image\/\"}}]}<\/script>\n<!-- \/ Yoast SEO plugin. -->","yoast_head_json":{"title":"Groupe | El Conchel","robots":{"index":"index","follow":"follow","max-snippet":"max-snippet:-1","max-image-preview":"max-image-preview:large","max-video-preview":"max-video-preview:-1"},"canonical":"https:\/\/elconchel.com\/fr\/groupe\/","og_locale":"fr_FR","og_type":"article","og_title":"Groupe | El Conchel","og_description":"[vc_section el_id=\u00a0\u00bbcontenido\u00a0\u00bb css=\u00a0\u00bb.vc_custom_1603266456998{padding-top: 100px !important;}\u00a0\u00bb][vc_row][vc_column][vc_column_text el_class=\u00a0\u00bbgrupo-frase\u00a0\u00bb] Le groupe El Conchel propose des solutions adapt\u00e9es \u00e0 vos besoins &nbsp; Apprenez \u00e0 nous conna\u00eetre et nous mettrons \u00e0 votre disposition toute notre capacit\u00e9 et nos services pour l&rsquo;industrie alimentaire. [\/vc_column_text][\/vc_column][\/vc_row][\/vc_section][vc_section][vc_row][vc_column width=\u00a0\u00bb1\/3&Prime; css=\u00a0\u00bb.vc_custom_1606211427222{margin-top: 0px !important;margin-bottom: 0px !important;border-top-width: 0px !important;border-bottom-width: 0px !important;padding-top: 0px !important;padding-bottom: 0px !important;}\u00a0\u00bb][vc_column_text] Tradition et innovation [&hellip;]","og_url":"https:\/\/elconchel.com\/fr\/groupe\/","og_site_name":"El Conchel","article_modified_time":"2022-10-05T08:14:00+00:00","og_image":[{"url":"https:\/\/elconchel.com\/wp-content\/uploads\/2020\/10\/el-conchel-negro.png","type":"","width":"","height":""}],"twitter_card":"summary_large_image","twitter_misc":{"Dur\u00e9e de lecture estim\u00e9e":"4 minutes"},"schema":{"@context":"https:\/\/schema.org","@graph":[{"@type":"WebPage","@id":"https:\/\/elconchel.com\/fr\/groupe\/","url":"https:\/\/elconchel.com\/fr\/groupe\/","name":"Groupe | El Conchel","isPartOf":{"@id":"https:\/\/elconchel.com\/fr\/#website"},"primaryImageOfPage":{"@id":"https:\/\/elconchel.com\/fr\/groupe\/#primaryimage"},"image":{"@id":"https:\/\/elconchel.com\/fr\/groupe\/#primaryimage"},"thumbnailUrl":"https:\/\/elconchel.com\/wp-content\/uploads\/2020\/10\/el-conchel-negro.png","datePublished":"2020-09-03T12:22:10+00:00","dateModified":"2022-10-05T08:14:00+00:00","breadcrumb":{"@id":"https:\/\/elconchel.com\/fr\/groupe\/#breadcrumb"},"inLanguage":"fr-FR","potentialAction":[{"@type":"ReadAction","target":["https:\/\/elconchel.com\/fr\/groupe\/"]}]},{"@type":"ImageObject","inLanguage":"fr-FR","@id":"https:\/\/elconchel.com\/fr\/groupe\/#primaryimage","url":"https:\/\/elconchel.com\/wp-content\/uploads\/2020\/10\/el-conchel-negro.png","contentUrl":"https:\/\/elconchel.com\/wp-content\/uploads\/2020\/10\/el-conchel-negro.png"},{"@type":"BreadcrumbList","@id":"https:\/\/elconchel.com\/fr\/groupe\/#breadcrumb","itemListElement":[{"@type":"ListItem","position":1,"name":"Inicio","item":"https:\/\/elconchel.com\/fr\/"},{"@type":"ListItem","position":2,"name":"Groupe"}]},{"@type":"WebSite","@id":"https:\/\/elconchel.com\/fr\/#website","url":"https:\/\/elconchel.com\/fr\/","name":"El Conchel","description":"","publisher":{"@id":"https:\/\/elconchel.com\/fr\/#organization"},"potentialAction":[{"@type":"SearchAction","target":{"@type":"EntryPoint","urlTemplate":"https:\/\/elconchel.com\/fr\/?s={search_term_string}"},"query-input":{"@type":"PropertyValueSpecification","valueRequired":true,"valueName":"search_term_string"}}],"inLanguage":"fr-FR"},{"@type":"Organization","@id":"https:\/\/elconchel.com\/fr\/#organization","name":"El Conchel","url":"https:\/\/elconchel.com\/fr\/","logo":{"@type":"ImageObject","inLanguage":"fr-FR","@id":"https:\/\/elconchel.com\/fr\/#\/schema\/logo\/image\/","url":"https:\/\/staging-elconchel.com\/wp-content\/uploads\/2020\/10\/el-conchel-logo-negro.png","contentUrl":"https:\/\/staging-elconchel.com\/wp-content\/uploads\/2020\/10\/el-conchel-logo-negro.png","width":225,"height":55,"caption":"El Conchel"},"image":{"@id":"https:\/\/elconchel.com\/fr\/#\/schema\/logo\/image\/"}}]}},"_links":{"self":[{"href":"https:\/\/elconchel.com\/fr\/wp-json\/wp\/v2\/pages\/8174","targetHints":{"allow":["GET"]}}],"collection":[{"href":"https:\/\/elconchel.com\/fr\/wp-json\/wp\/v2\/pages"}],"about":[{"href":"https:\/\/elconchel.com\/fr\/wp-json\/wp\/v2\/types\/page"}],"author":[{"embeddable":true,"href":"https:\/\/elconchel.com\/fr\/wp-json\/wp\/v2\/users\/1"}],"replies":[{"embeddable":true,"href":"https:\/\/elconchel.com\/fr\/wp-json\/wp\/v2\/comments?post=8174"}],"version-history":[{"count":0,"href":"https:\/\/elconchel.com\/fr\/wp-json\/wp\/v2\/pages\/8174\/revisions"}],"wp:attachment":[{"href":"https:\/\/elconchel.com\/fr\/wp-json\/wp\/v2\/media?parent=8174"}],"curies":[{"name":"wp","href":"https:\/\/api.w.org\/{rel}","templated":true}]}}